{"id":14946,"date":"2025-11-19T06:45:58","date_gmt":"2025-11-19T06:45:58","guid":{"rendered":"https:\/\/www.hs-kabeltechnik.at\/technologia\/"},"modified":"2026-01-22T10:01:57","modified_gmt":"2026-01-22T10:01:57","slug":"technologia","status":"publish","type":"page","link":"https:\/\/www.hs-kabeltechnik.at\/pl\/technologia\/","title":{"rendered":"Technologia"},"content":{"rendered":"\t\t<div data-elementor-type=\"wp-page\" data-elementor-id=\"14946\" class=\"elementor elementor-14946 elementor-14692\" data-elementor-post-type=\"page\">\n\t\t\t\t\t\t<section class=\"elementor-section elementor-top-section elementor-element elementor-element-1efce18 elementor-section-boxed elementor-section-height-default elementor-section-height-default\" data-id=\"1efce18\" data-element_type=\"section\">\n\t\t\t\t\t\t<div class=\"elementor-container elementor-column-gap-default\">\n\t\t\t\t\t<div class=\"elementor-column elementor-col-100 elementor-top-column elementor-element elementor-element-d79973b\" data-id=\"d79973b\" data-element_type=\"column\">\n\t\t\t<div class=\"elementor-widget-wrap elementor-element-populated\">\n\t\t\t\t\t\t<div class=\"elementor-element elementor-element-4d1cc10 elementor-widget elementor-widget-heading\" data-id=\"4d1cc10\" data-element_type=\"widget\" data-widget_type=\"heading.default\">\n\t\t\t\t<div class=\"elementor-widget-container\">\n\t\t\t\t\t<h1 class=\"elementor-heading-title elementor-size-default\">Technologia<\/h1>\t\t\t\t<\/div>\n\t\t\t\t<\/div>\n\t\t\t\t\t<\/div>\n\t\t<\/div>\n\t\t\t\t\t<\/div>\n\t\t<\/section>\n\t\t\t\t<section class=\"elementor-section elementor-top-section elementor-element elementor-element-a193907 elementor-section-boxed elementor-section-height-default elementor-section-height-default\" data-id=\"a193907\" data-element_type=\"section\">\n\t\t\t\t\t\t<div class=\"elementor-container elementor-column-gap-default\">\n\t\t\t\t\t<div class=\"elementor-column elementor-col-100 elementor-top-column elementor-element elementor-element-4b6abae\" data-id=\"4b6abae\" data-element_type=\"column\">\n\t\t\t<div class=\"elementor-widget-wrap elementor-element-populated\">\n\t\t\t\t\t\t<div class=\"elementor-element elementor-element-2994138 elementor-widget elementor-widget-heading\" data-id=\"2994138\" data-element_type=\"widget\" data-widget_type=\"heading.default\">\n\t\t\t\t<div class=\"elementor-widget-container\">\n\t\t\t\t\t<h2 class=\"elementor-heading-title elementor-size-default\">Innowacyjne procesy<\/h2>\t\t\t\t<\/div>\n\t\t\t\t<\/div>\n\t\t\t\t<div class=\"elementor-element elementor-element-0699e19 elementor-widget elementor-widget-text-editor\" data-id=\"0699e19\" data-element_type=\"widget\" data-widget_type=\"text-editor.default\">\n\t\t\t\t<div class=\"elementor-widget-container\">\n\t\t\t\t\t\t\t\t\t<p>Nieustannie d\u0105\u017cymy do przekraczania w\u0142asnych granic. Stawiamy na innowacje, najnowocze\u015bniejsze technologie i ci\u0105g\u0142y rozw\u00f3j, aby zawsze oferowa\u0107 naszym klientom najlepsze rozwi\u0105zania, zgodnie z mottem:<\/p>\n\t\t\t\t\t\t\t\t<\/div>\n\t\t\t\t<\/div>\n\t\t\t\t<div class=\"elementor-element elementor-element-ea72a96 elementor-widget elementor-widget-text-editor\" data-id=\"ea72a96\" data-element_type=\"widget\" data-widget_type=\"text-editor.default\">\n\t\t\t\t<div class=\"elementor-widget-container\">\n\t\t\t\t\t\t\t\t\t<p><strong><em>&#8222;To ostatni, wymagaj\u0105cy szczeg\u00f3\u0142 robi r\u00f3\u017cnic\u0119. 99% to o 1% za ma\u0142o.&#8221;<\/em><\/strong><\/p>\n\t\t\t\t\t\t\t\t<\/div>\n\t\t\t\t<\/div>\n\t\t\t\t\t<\/div>\n\t\t<\/div>\n\t\t\t\t\t<\/div>\n\t\t<\/section>\n\t\t\t\t<section class=\"elementor-section elementor-top-section elementor-element elementor-element-80e8598 elementor-section-boxed elementor-section-height-default elementor-section-height-default\" data-id=\"80e8598\" data-element_type=\"section\">\n\t\t\t\t\t\t<div class=\"elementor-container elementor-column-gap-default\">\n\t\t\t\t\t<div class=\"elementor-column elementor-col-50 elementor-top-column elementor-element elementor-element-1305dde\" data-id=\"1305dde\" data-element_type=\"column\">\n\t\t\t<div class=\"elementor-widget-wrap elementor-element-populated\">\n\t\t\t\t\t\t<div class=\"elementor-element elementor-element-e3c20ee elementor-widget elementor-widget-heading\" data-id=\"e3c20ee\" data-element_type=\"widget\" data-widget_type=\"heading.default\">\n\t\t\t\t<div class=\"elementor-widget-container\">\n\t\t\t\t\t<h3 class=\"elementor-heading-title elementor-size-default\">Proces hotmelt<\/h3>\t\t\t\t<\/div>\n\t\t\t\t<\/div>\n\t\t\t\t<div class=\"elementor-element elementor-element-301ac78 elementor-widget elementor-widget-text-editor\" data-id=\"301ac78\" data-element_type=\"widget\" data-widget_type=\"text-editor.default\">\n\t\t\t\t<div class=\"elementor-widget-container\">\n\t\t\t\t\t\t\t\t\t<p>Technologia Hotmelt to konstrukcja narz\u0119dzia, kt\u00f3re dzia\u0142a w zakresie niskiego ci\u015bnienia, umo\u017cliwiaj\u0105c tym samym stosowanie <strong>form aluminiowych<\/strong>. Ze wzgl\u0119du na niskie ci\u015bnienie przetwarzania i niskie temperatury proces ten jest szczeg\u00f3lnie odpowiedni dla wra\u017cliwych surowc\u00f3w, takich jak p\u0142ytki drukowane lub przeka\u017aniki. Proces Hotmelt zapewnia w ten spos\u00f3b maksymaln\u0105 elastyczno\u015b\u0107 i precyzj\u0119.<\/p>\n\t\t\t\t\t\t\t\t<\/div>\n\t\t\t\t<\/div>\n\t\t\t\t\t<\/div>\n\t\t<\/div>\n\t\t\t\t<div class=\"elementor-column elementor-col-50 elementor-top-column elementor-element elementor-element-0f03b7b\" data-id=\"0f03b7b\" data-element_type=\"column\">\n\t\t\t<div class=\"elementor-widget-wrap elementor-element-populated\">\n\t\t\t\t\t\t<div class=\"elementor-element elementor-element-84020f7 elementor-widget elementor-widget-image\" data-id=\"84020f7\" data-element_type=\"widget\" data-widget_type=\"image.default\">\n\t\t\t\t<div class=\"elementor-widget-container\">\n\t\t\t\t\t\t\t\t\t\t\t\t\t\t\t<img fetchpriority=\"high\" decoding=\"async\" width=\"900\" height=\"600\" src=\"https:\/\/www.hs-kabeltechnik.at\/wp-content\/uploads\/2025\/11\/hotmelt.jpg\" class=\"attachment-large size-large wp-image-14625\" alt=\"hotmelt\" srcset=\"https:\/\/www.hs-kabeltechnik.at\/wp-content\/uploads\/2025\/11\/hotmelt.jpg 900w, https:\/\/www.hs-kabeltechnik.at\/wp-content\/uploads\/2025\/11\/hotmelt-300x200.jpg 300w, https:\/\/www.hs-kabeltechnik.at\/wp-content\/uploads\/2025\/11\/hotmelt-768x512.jpg 768w\" sizes=\"(max-width: 900px) 100vw, 900px\" \/>\t\t\t\t\t\t\t\t\t\t\t\t\t\t\t<\/div>\n\t\t\t\t<\/div>\n\t\t\t\t\t<\/div>\n\t\t<\/div>\n\t\t\t\t\t<\/div>\n\t\t<\/section>\n\t\t\t\t<section class=\"elementor-section elementor-top-section elementor-element elementor-element-3505f00 elementor-section-boxed elementor-section-height-default elementor-section-height-default\" data-id=\"3505f00\" data-element_type=\"section\">\n\t\t\t\t\t\t<div class=\"elementor-container elementor-column-gap-default\">\n\t\t\t\t\t<div class=\"elementor-column elementor-col-50 elementor-top-column elementor-element elementor-element-4377d77\" data-id=\"4377d77\" data-element_type=\"column\">\n\t\t\t<div class=\"elementor-widget-wrap elementor-element-populated\">\n\t\t\t\t\t\t<div class=\"elementor-element elementor-element-5ae7905 elementor-widget elementor-widget-heading\" data-id=\"5ae7905\" data-element_type=\"widget\" data-widget_type=\"heading.default\">\n\t\t\t\t<div class=\"elementor-widget-container\">\n\t\t\t\t\t<h3 class=\"elementor-heading-title elementor-size-default\">Lutowanie <\/h3>\t\t\t\t<\/div>\n\t\t\t\t<\/div>\n\t\t\t\t<div class=\"elementor-element elementor-element-c042cbb elementor-widget elementor-widget-text-editor\" data-id=\"c042cbb\" data-element_type=\"widget\" data-widget_type=\"text-editor.default\">\n\t\t\t\t<div class=\"elementor-widget-container\">\n\t\t\t\t\t\t\t\t\t<p>Precyzyjne lutowanie zapewnia odporne na korozj\u0119 po\u0142\u0105czenia przewodz\u0105ce pr\u0105d i ciep\u0142o. W ten spos\u00f3b powstaj\u0105 trwa\u0142e i niezawodne konfekcje kablowe, kt\u00f3re spe\u0142niaj\u0105 nawet najwy\u017csze wymagania.<\/p>\n\t\t\t\t\t\t\t\t<\/div>\n\t\t\t\t<\/div>\n\t\t\t\t\t<\/div>\n\t\t<\/div>\n\t\t\t\t<div class=\"elementor-column elementor-col-50 elementor-top-column elementor-element elementor-element-409e21b\" data-id=\"409e21b\" data-element_type=\"column\">\n\t\t\t<div class=\"elementor-widget-wrap elementor-element-populated\">\n\t\t\t\t\t\t<div class=\"elementor-element elementor-element-29dec75 elementor-widget elementor-widget-image\" data-id=\"29dec75\" data-element_type=\"widget\" data-widget_type=\"image.default\">\n\t\t\t\t<div class=\"elementor-widget-container\">\n\t\t\t\t\t\t\t\t\t\t\t\t\t\t\t<img decoding=\"async\" width=\"900\" height=\"600\" src=\"https:\/\/www.hs-kabeltechnik.at\/wp-content\/uploads\/2025\/11\/loeten.jpg\" class=\"attachment-large size-large wp-image-14630\" alt=\"Lutowanie Konfekcjonowanie kabli\" srcset=\"https:\/\/www.hs-kabeltechnik.at\/wp-content\/uploads\/2025\/11\/loeten.jpg 900w, https:\/\/www.hs-kabeltechnik.at\/wp-content\/uploads\/2025\/11\/loeten-300x200.jpg 300w, https:\/\/www.hs-kabeltechnik.at\/wp-content\/uploads\/2025\/11\/loeten-768x512.jpg 768w\" sizes=\"(max-width: 900px) 100vw, 900px\" \/>\t\t\t\t\t\t\t\t\t\t\t\t\t\t\t<\/div>\n\t\t\t\t<\/div>\n\t\t\t\t\t<\/div>\n\t\t<\/div>\n\t\t\t\t\t<\/div>\n\t\t<\/section>\n\t\t\t\t<section class=\"elementor-section elementor-top-section elementor-element elementor-element-d4434a8 elementor-section-boxed elementor-section-height-default elementor-section-height-default\" data-id=\"d4434a8\" data-element_type=\"section\">\n\t\t\t\t\t\t<div class=\"elementor-container elementor-column-gap-default\">\n\t\t\t\t\t<div class=\"elementor-column elementor-col-50 elementor-top-column elementor-element elementor-element-4afd884\" data-id=\"4afd884\" data-element_type=\"column\">\n\t\t\t<div class=\"elementor-widget-wrap elementor-element-populated\">\n\t\t\t\t\t\t<div class=\"elementor-element elementor-element-4937afa elementor-widget elementor-widget-heading\" data-id=\"4937afa\" data-element_type=\"widget\" data-widget_type=\"heading.default\">\n\t\t\t\t<div class=\"elementor-widget-container\">\n\t\t\t\t\t<h3 class=\"elementor-heading-title elementor-size-default\">Druk 3D<\/h3>\t\t\t\t<\/div>\n\t\t\t\t<\/div>\n\t\t\t\t<div class=\"elementor-element elementor-element-ffe8c3f elementor-widget elementor-widget-text-editor\" data-id=\"ffe8c3f\" data-element_type=\"widget\" data-widget_type=\"text-editor.default\">\n\t\t\t\t<div class=\"elementor-widget-container\">\n\t\t\t\t\t\t\t\t\t<p>Dzi\u0119ki nowoczesnemu drukowi 3D tworzymy prototypy, elementy dostosowane do indywidualnych potrzeb oraz z\u0142o\u017cone formy. Skraca to czas rozwoju i otwiera nowe mo\u017cliwo\u015bci dla innowacyjnych rozwi\u0105za\u0144 produkcyjnych.<\/p>\n\t\t\t\t\t\t\t\t<\/div>\n\t\t\t\t<\/div>\n\t\t\t\t\t<\/div>\n\t\t<\/div>\n\t\t\t\t<div class=\"elementor-column elementor-col-50 elementor-top-column elementor-element elementor-element-0cdae97\" data-id=\"0cdae97\" data-element_type=\"column\">\n\t\t\t<div class=\"elementor-widget-wrap elementor-element-populated\">\n\t\t\t\t\t\t<div class=\"elementor-element elementor-element-ee67b03 elementor-widget elementor-widget-image\" data-id=\"ee67b03\" data-element_type=\"widget\" data-widget_type=\"image.default\">\n\t\t\t\t<div class=\"elementor-widget-container\">\n\t\t\t\t\t\t\t\t\t\t\t\t\t\t\t<img decoding=\"async\" width=\"668\" height=\"450\" src=\"https:\/\/www.hs-kabeltechnik.at\/wp-content\/uploads\/2025\/11\/3d.jpg\" class=\"attachment-large size-large wp-image-14640\" alt=\"Konfekcjonowanie kabli metod\u0105 druku 3D\" srcset=\"https:\/\/www.hs-kabeltechnik.at\/wp-content\/uploads\/2025\/11\/3d.jpg 668w, https:\/\/www.hs-kabeltechnik.at\/wp-content\/uploads\/2025\/11\/3d-300x202.jpg 300w\" sizes=\"(max-width: 668px) 100vw, 668px\" \/>\t\t\t\t\t\t\t\t\t\t\t\t\t\t\t<\/div>\n\t\t\t\t<\/div>\n\t\t\t\t\t<\/div>\n\t\t<\/div>\n\t\t\t\t\t<\/div>\n\t\t<\/section>\n\t\t\t\t<section class=\"elementor-section elementor-top-section elementor-element elementor-element-8e463f6 elementor-section-boxed elementor-section-height-default elementor-section-height-default\" data-id=\"8e463f6\" data-element_type=\"section\">\n\t\t\t\t\t\t<div class=\"elementor-container elementor-column-gap-default\">\n\t\t\t\t\t<div class=\"elementor-column elementor-col-100 elementor-top-column elementor-element elementor-element-b82e372\" data-id=\"b82e372\" data-element_type=\"column\">\n\t\t\t<div class=\"elementor-widget-wrap elementor-element-populated\">\n\t\t\t\t\t\t<div class=\"elementor-element elementor-element-eac973b elementor-widget elementor-widget-heading\" data-id=\"eac973b\" data-element_type=\"widget\" data-widget_type=\"heading.default\">\n\t\t\t\t<div class=\"elementor-widget-container\">\n\t\t\t\t\t<h2 class=\"elementor-heading-title elementor-size-default\">Nasze produkty<\/h2>\t\t\t\t<\/div>\n\t\t\t\t<\/div>\n\t\t\t\t\t<\/div>\n\t\t<\/div>\n\t\t\t\t\t<\/div>\n\t\t<\/section>\n\t\t\t\t<section class=\"elementor-section elementor-top-section elementor-element elementor-element-3434eb3 elementor-section-boxed elementor-section-height-default elementor-section-height-default\" data-id=\"3434eb3\" data-element_type=\"section\">\n\t\t\t\t\t\t<div class=\"elementor-container elementor-column-gap-default\">\n\t\t\t\t\t<div class=\"elementor-column elementor-col-100 elementor-top-column elementor-element elementor-element-7f4a68a\" data-id=\"7f4a68a\" data-element_type=\"column\">\n\t\t\t<div class=\"elementor-widget-wrap elementor-element-populated\">\n\t\t\t\t\t\t<div class=\"elementor-element elementor-element-ea8ef14 elementor--h-position-center elementor--v-position-middle elementor-arrows-position-inside elementor-pagination-position-inside elementor-widget elementor-widget-slides\" data-id=\"ea8ef14\" data-element_type=\"widget\" data-settings=\"{&quot;autoplay_speed&quot;:9500,&quot;transition_speed&quot;:1500,&quot;navigation&quot;:&quot;both&quot;,&quot;autoplay&quot;:&quot;yes&quot;,&quot;pause_on_hover&quot;:&quot;yes&quot;,&quot;pause_on_interaction&quot;:&quot;yes&quot;,&quot;infinite&quot;:&quot;yes&quot;,&quot;transition&quot;:&quot;slide&quot;}\" data-widget_type=\"slides.default\">\n\t\t\t\t<div class=\"elementor-widget-container\">\n\t\t\t\t\t\t\t\t\t<div class=\"elementor-swiper\">\n\t\t\t\t\t<div class=\"elementor-slides-wrapper elementor-main-swiper swiper\" role=\"region\" aria-roledescription=\"carousel\" aria-label=\"Slider\" dir=\"ltr\" data-animation=\"fadeInUp\">\n\t\t\t\t<div class=\"swiper-wrapper elementor-slides\">\n\t\t\t\t\t\t\t\t\t\t<div class=\"elementor-repeater-item-4f67494 swiper-slide\" role=\"group\" aria-roledescription=\"slide\"><div class=\"swiper-slide-bg elementor-ken-burns elementor-ken-burns--in\" role=\"img\" aria-label=\"Konfekcjonowanie kabli H&amp;S Kabeltechnik\"><\/div><div class=\"elementor-background-overlay\"><\/div><a class=\"swiper-slide-inner\" href=\"https:\/\/www.hs-kabeltechnik.at\/pl\/produkte\/zespoly-kabli\/\"><div class=\"swiper-slide-contents\"><div class=\"elementor-slide-heading\">Zespo\u0142y kabli<\/div><div class=\"elementor-slide-description\"><p>Produkowane indywidualnie i zgodnie z Pa\u0144stwa wymaganiami<\/p>\n<\/div><div  class=\"elementor-button elementor-slide-button elementor-size-sm\">Wi\u0119cej informacji<\/div><\/div><\/a><\/div><div class=\"elementor-repeater-item-e03215d swiper-slide\" role=\"group\" aria-roledescription=\"slide\"><div class=\"swiper-slide-bg elementor-ken-burns elementor-ken-burns--in\" role=\"img\" aria-label=\"Wi\u0105zki przewod\u00f3w H&amp;S Kabeltechnik\"><\/div><div class=\"elementor-background-overlay\"><\/div><a class=\"swiper-slide-inner\" href=\"https:\/\/www.hs-kabeltechnik.at\/pl\/produkte\/wiazki-przewodow\/\"><div class=\"swiper-slide-contents\"><div class=\"elementor-slide-heading\">Wi\u0105zki przewod\u00f3w<\/div><div class=\"elementor-slide-description\"><p>Kompleksowa produkcja kabli zgodnie z najwy\u017cszymi kryteriami jako\u015bciowymi<\/p>\n<\/div><div  class=\"elementor-button elementor-slide-button elementor-size-sm\">Wi\u0119cej informacji<\/div><\/div><\/a><\/div><div class=\"elementor-repeater-item-ca5a4fd swiper-slide\" role=\"group\" aria-roledescription=\"slide\"><div class=\"swiper-slide-bg elementor-ken-burns elementor-ken-burns--in\" role=\"img\" aria-label=\"Kabel wy\u015bwietlacza LVDS H&amp;S Kabeltechnik\"><\/div><div class=\"elementor-background-overlay\"><\/div><a class=\"swiper-slide-inner\" href=\"https:\/\/www.hs-kabeltechnik.at\/pl\/produkte\/kabel-lvds\/\"><div class=\"swiper-slide-contents\"><div class=\"elementor-slide-heading\">Kabel LVDS<\/div><div class=\"elementor-slide-description\"><p>Mo\u017cliwo\u015b\u0107 produkcji w wielu wariantach i wersjach<\/p>\n<\/div><div  class=\"elementor-button elementor-slide-button elementor-size-sm\">Wi\u0119cej informacji<\/div><\/div><\/a><\/div><div class=\"elementor-repeater-item-16ce09c swiper-slide\" role=\"group\" aria-roledescription=\"slide\"><div class=\"swiper-slide-bg elementor-ken-burns elementor-ken-burns--in\" role=\"img\" aria-label=\"Indywidualna konfekcjonowanie kabli H&amp;S Kabeltechnik\"><\/div><div class=\"elementor-background-overlay\"><\/div><a class=\"swiper-slide-inner\" href=\"https:\/\/www.hs-kabeltechnik.at\/pl\/produkte\/\"><div class=\"swiper-slide-contents\"><div class=\"elementor-slide-heading\">Przegl\u0105d produkt\u00f3w<\/div><div class=\"elementor-slide-description\"><p>Odkryj nasz\u0105 szerok\u0105 gam\u0119 produkt\u00f3w i mo\u017cliwo\u015bci<\/p>\n<\/div><div  class=\"elementor-button elementor-slide-button elementor-size-sm\">Wi\u0119cej informacji<\/div><\/div><\/a><\/div>\t\t\t\t<\/div>\n\t\t\t\t\t\t\t\t\t\t\t\t\t\t\t<div class=\"elementor-swiper-button elementor-swiper-button-prev\" role=\"button\" tabindex=\"0\" aria-label=\"Previous slide\">\n\t\t\t\t\t\t\t<i aria-hidden=\"true\" class=\"eicon-chevron-left\"><\/i>\t\t\t\t\t\t<\/div>\n\t\t\t\t\t\t<div class=\"elementor-swiper-button elementor-swiper-button-next\" role=\"button\" tabindex=\"0\" aria-label=\"Next slide\">\n\t\t\t\t\t\t\t<i aria-hidden=\"true\" class=\"eicon-chevron-right\"><\/i>\t\t\t\t\t\t<\/div>\n\t\t\t\t\t\t\t\t\t\t\t\t\t\t\t\t<div class=\"swiper-pagination\"><\/div>\n\t\t\t\t\t\t\t\t\t\t\t\t<\/div>\n\t\t\t\t<\/div>\n\t\t\t\t\t\t\t\t<\/div>\n\t\t\t\t<\/div>\n\t\t\t\t\t<\/div>\n\t\t<\/div>\n\t\t\t\t\t<\/div>\n\t\t<\/section>\n\t\t\t\t<\/div>\n\t\t","protected":false},"excerpt":{"rendered":"<p>Technologia Innowacyjne procesy Nieustannie d\u0105\u017cymy do przekraczania w\u0142asnych granic. Stawiamy na innowacje, najnowocze\u015bniejsze technologie i ci\u0105g\u0142y rozw\u00f3j, aby zawsze oferowa\u0107 naszym klientom najlepsze rozwi\u0105zania, zgodnie z mottem: &#8222;To ostatni, wymagaj\u0105cy szczeg\u00f3\u0142 robi r\u00f3\u017cnic\u0119. 99% to o 1% za ma\u0142o.&#8221; Proces hotmelt Technologia Hotmelt to konstrukcja narz\u0119dzia, kt\u00f3re dzia\u0142a w zakresie niskiego ci\u015bnienia, umo\u017cliwiaj\u0105c tym samym [&hellip;]<\/p>\n","protected":false},"author":5,"featured_media":0,"parent":0,"menu_order":0,"comment_status":"closed","ping_status":"closed","template":"","meta":{"_acf_changed":false,"_genesis_hide_title":false,"_genesis_hide_breadcrumbs":false,"_genesis_hide_singular_image":false,"_genesis_hide_footer_widgets":false,"_genesis_custom_body_class":"","_genesis_custom_post_class":"","_genesis_layout":"","footnotes":""},"class_list":{"0":"post-14946","1":"page","2":"type-page","3":"status-publish","5":"entry"},"acf":[],"_links":{"self":[{"href":"https:\/\/www.hs-kabeltechnik.at\/pl\/wp-json\/wp\/v2\/pages\/14946","targetHints":{"allow":["GET"]}}],"collection":[{"href":"https:\/\/www.hs-kabeltechnik.at\/pl\/wp-json\/wp\/v2\/pages"}],"about":[{"href":"https:\/\/www.hs-kabeltechnik.at\/pl\/wp-json\/wp\/v2\/types\/page"}],"author":[{"embeddable":true,"href":"https:\/\/www.hs-kabeltechnik.at\/pl\/wp-json\/wp\/v2\/users\/5"}],"replies":[{"embeddable":true,"href":"https:\/\/www.hs-kabeltechnik.at\/pl\/wp-json\/wp\/v2\/comments?post=14946"}],"version-history":[{"count":4,"href":"https:\/\/www.hs-kabeltechnik.at\/pl\/wp-json\/wp\/v2\/pages\/14946\/revisions"}],"predecessor-version":[{"id":15035,"href":"https:\/\/www.hs-kabeltechnik.at\/pl\/wp-json\/wp\/v2\/pages\/14946\/revisions\/15035"}],"wp:attachment":[{"href":"https:\/\/www.hs-kabeltechnik.at\/pl\/wp-json\/wp\/v2\/media?parent=14946"}],"curies":[{"name":"wp","href":"https:\/\/api.w.org\/{rel}","templated":true}]}}