{"id":13758,"date":"2025-08-25T08:21:45","date_gmt":"2025-08-25T08:21:45","guid":{"rendered":"https:\/\/www.hs-kabeltechnik.at\/o-nas__trashed\/o-firmie-hs\/"},"modified":"2025-09-12T07:54:14","modified_gmt":"2025-09-12T07:54:14","slug":"o-firmie-hs","status":"publish","type":"page","link":"https:\/\/www.hs-kabeltechnik.at\/pl\/o-firmie-hs\/","title":{"rendered":"O firmie H&#038;S"},"content":{"rendered":"\t\t<div data-elementor-type=\"wp-page\" data-elementor-id=\"13758\" class=\"elementor elementor-13758 elementor-13746\" data-elementor-post-type=\"page\">\n\t\t\t\t\t\t<section class=\"elementor-section elementor-top-section elementor-element elementor-element-62645ea elementor-section-boxed elementor-section-height-default elementor-section-height-default\" data-id=\"62645ea\" data-element_type=\"section\">\n\t\t\t\t\t\t<div class=\"elementor-container elementor-column-gap-default\">\n\t\t\t\t\t<div class=\"elementor-column elementor-col-100 elementor-top-column elementor-element elementor-element-94236d3\" data-id=\"94236d3\" data-element_type=\"column\">\n\t\t\t<div class=\"elementor-widget-wrap elementor-element-populated\">\n\t\t\t\t\t\t<div class=\"elementor-element elementor-element-62a87da elementor-widget elementor-widget-heading\" data-id=\"62a87da\" data-element_type=\"widget\" data-widget_type=\"heading.default\">\n\t\t\t\t<div class=\"elementor-widget-container\">\n\t\t\t\t\t<h1 class=\"elementor-heading-title elementor-size-default\">O firmie H&amp;S<\/h1>\t\t\t\t<\/div>\n\t\t\t\t<\/div>\n\t\t\t\t\t<\/div>\n\t\t<\/div>\n\t\t\t\t\t<\/div>\n\t\t<\/section>\n\t\t\t\t<section class=\"elementor-section elementor-top-section elementor-element elementor-element-7bbe701 elementor-section-content-middle elementor-section-boxed elementor-section-height-default elementor-section-height-default\" data-id=\"7bbe701\" data-element_type=\"section\">\n\t\t\t\t\t\t<div class=\"elementor-container elementor-column-gap-default\">\n\t\t\t\t\t<div class=\"elementor-column elementor-col-50 elementor-top-column elementor-element elementor-element-b964cea\" data-id=\"b964cea\" data-element_type=\"column\">\n\t\t\t<div class=\"elementor-widget-wrap elementor-element-populated\">\n\t\t\t\t\t\t<div class=\"elementor-element elementor-element-47ee2b2 elementor-widget elementor-widget-text-editor\" data-id=\"47ee2b2\" data-element_type=\"widget\" data-widget_type=\"text-editor.default\">\n\t\t\t\t<div class=\"elementor-widget-container\">\n\t\t\t\t\t\t\t\t\t<p>Od 2006 roku firma H&amp;S Kabeltechnik utrzymuje swoj\u0105 pozycj\u0119 na rynku. Ka\u017cdego dnia z produkcji wychodzi kilka tysi\u0119cy <a href=\"https:\/\/www.hs-kabeltechnik.at\/pl\/produkte\/\">produkt\u00f3w<\/a>, kt\u00f3re s\u0105 wysy\u0142ane na ca\u0142y \u015bwiat.<\/p>\n<p>Obecnie w siedzibie g\u0142\u00f3wnej w Austrii zatrudnionych jest 30 pracownik\u00f3w, a w zak\u0142adzie <a href=\"https:\/\/www.pemac.hu\/\" rel=\"noopener\">produkcyjnym<\/a> na W\u0119grzech oko\u0142o 300. Nieustannie kierujemy si\u0119 nasz\u0105 dewiz\u0105 \u017cyciow\u0105:<\/p>\n<blockquote><p>\u201eNigdy nie przestawaj zaczyna\u0107, nigdy nie zaczynaj przestawa\u0107!\u201d<\/p><\/blockquote>\n<p><strong>Co tak naprawd\u0119 kryje si\u0119 za tymi literami?<\/strong><\/p>\n<h2><strong>H&amp;S<\/strong><\/h2>\n<p>Pod tytu\u0142em \u201eO firmie H &amp; S\u201d chcieliby\u015bmy przybli\u017cy\u0107 kulisy pracy dw\u00f3ch dyrektor\u00f3w zarz\u0105dzaj\u0105cych Christian <span style=\"color: #ff6920;\">H<\/span>ochegger <span style=\"color: #ff6920;\">&amp;<\/span> Markus <span style=\"color: #ff6920;\">S<\/span>chroll<\/p>\n<p>Ale oczywi\u015bcie chcieliby\u015bmy r\u00f3wnie\u017c przedstawi\u0107 nasz zesp\u00f3\u0142. Ka\u017cdy wie: \u201e<em>Firma jest tak dobra, jak jej pracownicy<\/em>\u201d \u2013 dlatego nasz sukces opiera si\u0119 na pozytywnym wk\u0142adzie ka\u017cdej osoby, kt\u00f3ra identyfikuje si\u0119 z firm\u0105 i naszymi celami.<\/p>\n\t\t\t\t\t\t\t\t<\/div>\n\t\t\t\t<\/div>\n\t\t\t\t\t<\/div>\n\t\t<\/div>\n\t\t\t\t<div class=\"elementor-column elementor-col-50 elementor-top-column elementor-element elementor-element-bcb31e0\" data-id=\"bcb31e0\" data-element_type=\"column\">\n\t\t\t<div class=\"elementor-widget-wrap elementor-element-populated\">\n\t\t\t\t\t\t<div class=\"elementor-element elementor-element-a1687e3 elementor-widget elementor-widget-image\" data-id=\"a1687e3\" data-element_type=\"widget\" data-widget_type=\"image.default\">\n\t\t\t\t<div class=\"elementor-widget-container\">\n\t\t\t\t\t\t\t\t\t\t\t\t\t\t\t<img fetchpriority=\"high\" decoding=\"async\" width=\"833\" height=\"330\" src=\"https:\/\/www.hs-kabeltechnik.at\/wp-content\/uploads\/2022\/10\/h-s-kabeltechnik-logo.jpg\" class=\"attachment-large size-large wp-image-876\" alt=\"H&amp;S Kabeltechnik\" srcset=\"https:\/\/www.hs-kabeltechnik.at\/wp-content\/uploads\/2022\/10\/h-s-kabeltechnik-logo.jpg 833w, https:\/\/www.hs-kabeltechnik.at\/wp-content\/uploads\/2022\/10\/h-s-kabeltechnik-logo-300x119.jpg 300w, https:\/\/www.hs-kabeltechnik.at\/wp-content\/uploads\/2022\/10\/h-s-kabeltechnik-logo-768x304.jpg 768w\" sizes=\"(max-width: 833px) 100vw, 833px\" \/>\t\t\t\t\t\t\t\t\t\t\t\t\t\t\t<\/div>\n\t\t\t\t<\/div>\n\t\t\t\t\t<\/div>\n\t\t<\/div>\n\t\t\t\t\t<\/div>\n\t\t<\/section>\n\t\t\t\t<section class=\"elementor-section elementor-top-section elementor-element elementor-element-6463e53 elementor-section-boxed elementor-section-height-default elementor-section-height-default\" data-id=\"6463e53\" data-element_type=\"section\">\n\t\t\t\t\t\t<div class=\"elementor-container elementor-column-gap-default\">\n\t\t\t\t\t<div class=\"elementor-column elementor-col-100 elementor-top-column elementor-element elementor-element-5150790\" data-id=\"5150790\" data-element_type=\"column\">\n\t\t\t<div class=\"elementor-widget-wrap elementor-element-populated\">\n\t\t\t\t\t\t<div class=\"elementor-element elementor-element-39c684c elementor-widget elementor-widget-heading\" data-id=\"39c684c\" data-element_type=\"widget\" data-widget_type=\"heading.default\">\n\t\t\t\t<div class=\"elementor-widget-container\">\n\t\t\t\t\t<h3 class=\"elementor-heading-title elementor-size-large\">To jest H&amp;S Kabeltechnik - To jeste\u015bmy my<\/h3>\t\t\t\t<\/div>\n\t\t\t\t<\/div>\n\t\t\t\t\t<\/div>\n\t\t<\/div>\n\t\t\t\t\t<\/div>\n\t\t<\/section>\n\t\t\t\t<\/div>\n\t\t","protected":false},"excerpt":{"rendered":"<p>O firmie H&amp;S Od 2006 roku firma H&amp;S Kabeltechnik utrzymuje swoj\u0105 pozycj\u0119 na rynku. Ka\u017cdego dnia z produkcji wychodzi kilka tysi\u0119cy produkt\u00f3w, kt\u00f3re s\u0105 wysy\u0142ane na ca\u0142y \u015bwiat. Obecnie w siedzibie g\u0142\u00f3wnej w Austrii zatrudnionych jest 30 pracownik\u00f3w, a w zak\u0142adzie produkcyjnym na W\u0119grzech oko\u0142o 300. Nieustannie kierujemy si\u0119 nasz\u0105 dewiz\u0105 \u017cyciow\u0105: \u201eNigdy nie przestawaj [&hellip;]<\/p>\n","protected":false},"author":5,"featured_media":0,"parent":0,"menu_order":0,"comment_status":"closed","ping_status":"closed","template":"tpl-team.php","meta":{"_acf_changed":false,"_genesis_hide_title":false,"_genesis_hide_breadcrumbs":false,"_genesis_hide_singular_image":false,"_genesis_hide_footer_widgets":false,"_genesis_custom_body_class":"","_genesis_custom_post_class":"","_genesis_layout":"","footnotes":""},"class_list":{"0":"post-13758","1":"page","2":"type-page","3":"status-publish","5":"entry"},"acf":[],"_links":{"self":[{"href":"https:\/\/www.hs-kabeltechnik.at\/pl\/wp-json\/wp\/v2\/pages\/13758","targetHints":{"allow":["GET"]}}],"collection":[{"href":"https:\/\/www.hs-kabeltechnik.at\/pl\/wp-json\/wp\/v2\/pages"}],"about":[{"href":"https:\/\/www.hs-kabeltechnik.at\/pl\/wp-json\/wp\/v2\/types\/page"}],"author":[{"embeddable":true,"href":"https:\/\/www.hs-kabeltechnik.at\/pl\/wp-json\/wp\/v2\/users\/5"}],"replies":[{"embeddable":true,"href":"https:\/\/www.hs-kabeltechnik.at\/pl\/wp-json\/wp\/v2\/comments?post=13758"}],"version-history":[{"count":5,"href":"https:\/\/www.hs-kabeltechnik.at\/pl\/wp-json\/wp\/v2\/pages\/13758\/revisions"}],"predecessor-version":[{"id":13948,"href":"https:\/\/www.hs-kabeltechnik.at\/pl\/wp-json\/wp\/v2\/pages\/13758\/revisions\/13948"}],"wp:attachment":[{"href":"https:\/\/www.hs-kabeltechnik.at\/pl\/wp-json\/wp\/v2\/media?parent=13758"}],"curies":[{"name":"wp","href":"https:\/\/api.w.org\/{rel}","templated":true}]}}