{"id":6096,"date":"2022-11-16T14:42:19","date_gmt":"2022-11-16T14:42:19","guid":{"rendered":"https:\/\/p-ga7ckg.project.space\/dichiarazione-di-intenti\/"},"modified":"2025-11-18T07:23:40","modified_gmt":"2025-11-18T07:23:40","slug":"dichiarazione-di-intenti","status":"publish","type":"page","link":"https:\/\/www.hs-kabeltechnik.at\/it\/dichiarazione-di-intenti\/","title":{"rendered":"dichiarazione di intenti"},"content":{"rendered":"\t\t<div data-elementor-type=\"wp-page\" data-elementor-id=\"6096\" class=\"elementor elementor-6096 elementor-1803\" data-elementor-post-type=\"page\">\n\t\t\t\t\t\t<section class=\"elementor-section elementor-top-section elementor-element elementor-element-eabfb93 elementor-section-boxed elementor-section-height-default elementor-section-height-default\" data-id=\"eabfb93\" data-element_type=\"section\">\n\t\t\t\t\t\t<div class=\"elementor-container elementor-column-gap-default\">\n\t\t\t\t\t<div class=\"elementor-column elementor-col-100 elementor-top-column elementor-element elementor-element-d1a5929\" data-id=\"d1a5929\" data-element_type=\"column\">\n\t\t\t<div class=\"elementor-widget-wrap elementor-element-populated\">\n\t\t\t\t\t\t<div class=\"elementor-element elementor-element-a96a089 elementor-widget elementor-widget-text-editor\" data-id=\"a96a089\" data-element_type=\"widget\" data-widget_type=\"text-editor.default\">\n\t\t\t\t<div class=\"elementor-widget-container\">\n\t\t\t\t\t\t\t\t\t<h1>Filosofia<\/h1>\n<p style=\"text-align: center;\"><b>Questo \u00e8 ci\u00f2 che rappresenta H&amp;S Kabeltechnik &#8211; questo \u00e8 ci\u00f2 che rappresentiamo:<\/b><\/p>\n\t\t\t\t\t\t\t\t<\/div>\n\t\t\t\t<\/div>\n\t\t\t\t\t<\/div>\n\t\t<\/div>\n\t\t\t\t\t<\/div>\n\t\t<\/section>\n\t\t\t\t<section class=\"elementor-section elementor-top-section elementor-element elementor-element-d678728 elementor-section-boxed elementor-section-height-default elementor-section-height-default\" data-id=\"d678728\" data-element_type=\"section\" data-settings=\"{&quot;background_background&quot;:&quot;classic&quot;}\">\n\t\t\t\t\t\t<div class=\"elementor-container elementor-column-gap-default\">\n\t\t\t\t\t<div class=\"elementor-column elementor-col-100 elementor-top-column elementor-element elementor-element-9ef2ea2\" data-id=\"9ef2ea2\" data-element_type=\"column\">\n\t\t\t<div class=\"elementor-widget-wrap elementor-element-populated\">\n\t\t\t\t\t\t<div class=\"elementor-element elementor-element-ffafdbb elementor-widget elementor-widget-text-editor\" data-id=\"ffafdbb\" data-element_type=\"widget\" data-widget_type=\"text-editor.default\">\n\t\t\t\t<div class=\"elementor-widget-container\">\n\t\t\t\t\t\t\t\t\t<h2>La nostra missione<\/h2>\n<p><\/p>\n<div>Poche parole rappresentano i valori vissuti dal nostro <a href=\"https:\/\/p-ga7ckg.project.space\/ueber-uns-hs-kabeltechnik-gmbh\/wir-sind-h-und-s\/\" rel=\"noopener\">dipendenti<\/a>.<br \/>\nTutti sanno: &#8220;Un&#8217;azienda vale solo quanto i suoi dipendenti&#8221; &#8211; quindi il successo si basa sul contributo positivo di ogni individuo che si identifica con l&#8217;azienda e i nostri obiettivi.<\/div>\n\t\t\t\t\t\t\t\t<\/div>\n\t\t\t\t<\/div>\n\t\t\t\t\t<\/div>\n\t\t<\/div>\n\t\t\t\t\t<\/div>\n\t\t<\/section>\n\t\t\t\t<section class=\"elementor-section elementor-top-section elementor-element elementor-element-2e1d196 elementor-section-boxed elementor-section-height-default elementor-section-height-default\" data-id=\"2e1d196\" data-element_type=\"section\">\n\t\t\t\t\t\t<div class=\"elementor-container elementor-column-gap-default\">\n\t\t\t\t\t<div class=\"elementor-column elementor-col-100 elementor-top-column elementor-element elementor-element-ab058fa\" data-id=\"ab058fa\" data-element_type=\"column\">\n\t\t\t<div class=\"elementor-widget-wrap elementor-element-populated\">\n\t\t\t\t\t\t<div class=\"elementor-element elementor-element-ac60c1c elementor-widget elementor-widget-image\" data-id=\"ac60c1c\" data-element_type=\"widget\" data-widget_type=\"image.default\">\n\t\t\t\t<div class=\"elementor-widget-container\">\n\t\t\t\t\t\t\t\t\t\t\t\t\t\t\t\t<a href=\"https:\/\/hs-kabeltechnik.at\/wp-content\/uploads\/2022\/11\/Leitbild-HS-Kabeltechnik.jpg\" data-elementor-open-lightbox=\"yes\" data-e-action-hash=\"#elementor-action%3Aaction%3Dlightbox%26settings%3DeyJpZCI6MTgyMywidXJsIjoiaHR0cHM6XC9cL3d3dy5ocy1rYWJlbHRlY2huaWsuYXRcL3dwLWNvbnRlbnRcL3VwbG9hZHNcLzIwMjJcLzExXC9MZWl0YmlsZC1IUy1LYWJlbHRlY2huaWsuanBnIn0%3D\">\n\t\t\t\t\t\t\t<img fetchpriority=\"high\" decoding=\"async\" width=\"1024\" height=\"503\" src=\"https:\/\/www.hs-kabeltechnik.at\/wp-content\/uploads\/2022\/11\/Leitbild-HS-Kabeltechnik-1024x503.jpg\" class=\"attachment-large size-large wp-image-1823\" alt=\"dichiarazione di intenti H&amp;S Kabeltechnik\" srcset=\"https:\/\/www.hs-kabeltechnik.at\/wp-content\/uploads\/2022\/11\/Leitbild-HS-Kabeltechnik-1024x503.jpg 1024w, https:\/\/www.hs-kabeltechnik.at\/wp-content\/uploads\/2022\/11\/Leitbild-HS-Kabeltechnik-300x147.jpg 300w, https:\/\/www.hs-kabeltechnik.at\/wp-content\/uploads\/2022\/11\/Leitbild-HS-Kabeltechnik-768x377.jpg 768w, https:\/\/www.hs-kabeltechnik.at\/wp-content\/uploads\/2022\/11\/Leitbild-HS-Kabeltechnik.jpg 1408w\" sizes=\"(max-width: 1024px) 100vw, 1024px\" \/>\t\t\t\t\t\t\t\t<\/a>\n\t\t\t\t\t\t\t\t\t\t\t\t\t\t\t<\/div>\n\t\t\t\t<\/div>\n\t\t\t\t\t<\/div>\n\t\t<\/div>\n\t\t\t\t\t<\/div>\n\t\t<\/section>\n\t\t\t\t<section class=\"elementor-section elementor-top-section elementor-element elementor-element-065eddf elementor-section-boxed elementor-section-height-default elementor-section-height-default\" data-id=\"065eddf\" data-element_type=\"section\">\n\t\t\t\t\t\t<div class=\"elementor-container elementor-column-gap-default\">\n\t\t\t\t\t<div class=\"elementor-column elementor-col-100 elementor-top-column elementor-element elementor-element-793955a\" data-id=\"793955a\" data-element_type=\"column\">\n\t\t\t<div class=\"elementor-widget-wrap elementor-element-populated\">\n\t\t\t\t\t\t<div class=\"elementor-element elementor-element-41afcc5 elementor-widget elementor-widget-heading\" data-id=\"41afcc5\" data-element_type=\"widget\" data-widget_type=\"heading.default\">\n\t\t\t\t<div class=\"elementor-widget-container\">\n\t\t\t\t\t<h5 class=\"elementor-heading-title elementor-size-small\">La nostra missione \u00e8 adatta a te?<br>Allora unisciti al nostro team!<\/h5>\t\t\t\t<\/div>\n\t\t\t\t<\/div>\n\t\t\t\t<div class=\"elementor-element elementor-element-70a90e9 elementor-align-center elementor-widget elementor-widget-button\" data-id=\"70a90e9\" data-element_type=\"widget\" data-widget_type=\"button.default\">\n\t\t\t\t<div class=\"elementor-widget-container\">\n\t\t\t\t\t\t\t\t\t<div class=\"elementor-button-wrapper\">\n\t\t\t\t\t<a class=\"elementor-button elementor-button-link elementor-size-sm\" href=\"https:\/\/hs-kabeltechnik.at\/karriere\/offene-stellen\/\">\n\t\t\t\t\t\t<span class=\"elementor-button-content-wrapper\">\n\t\t\t\t\t\t\t\t\t<span class=\"elementor-button-text\">Offerte di lavoro attuali<\/span>\n\t\t\t\t\t<\/span>\n\t\t\t\t\t<\/a>\n\t\t\t\t<\/div>\n\t\t\t\t\t\t\t\t<\/div>\n\t\t\t\t<\/div>\n\t\t\t\t\t<\/div>\n\t\t<\/div>\n\t\t\t\t\t<\/div>\n\t\t<\/section>\n\t\t\t\t<section class=\"elementor-section elementor-top-section elementor-element elementor-element-394d98d elementor-section-full_width elementor-section-stretched elementor-section-height-default elementor-section-height-default\" data-id=\"394d98d\" data-element_type=\"section\" data-settings=\"{&quot;stretch_section&quot;:&quot;section-stretched&quot;,&quot;background_background&quot;:&quot;classic&quot;}\">\n\t\t\t\t\t\t<div class=\"elementor-container elementor-column-gap-default\">\n\t\t\t\t\t<div class=\"elementor-column elementor-col-100 elementor-top-column elementor-element elementor-element-1f73f41\" data-id=\"1f73f41\" data-element_type=\"column\">\n\t\t\t<div class=\"elementor-widget-wrap elementor-element-populated\">\n\t\t\t\t\t\t<section class=\"elementor-section elementor-inner-section elementor-element elementor-element-0284104 elementor-section-boxed elementor-section-height-default elementor-section-height-default\" data-id=\"0284104\" data-element_type=\"section\">\n\t\t\t\t\t\t<div class=\"elementor-container elementor-column-gap-default\">\n\t\t\t\t\t<div class=\"elementor-column elementor-col-20 elementor-inner-column elementor-element elementor-element-2c84005\" data-id=\"2c84005\" data-element_type=\"column\">\n\t\t\t<div class=\"elementor-widget-wrap elementor-element-populated\">\n\t\t\t\t\t\t<div class=\"elementor-element elementor-element-d71529c elementor-widget elementor-widget-heading\" data-id=\"d71529c\" data-element_type=\"widget\" data-widget_type=\"heading.default\">\n\t\t\t\t<div class=\"elementor-widget-container\">\n\t\t\t\t\t<h3 class=\"elementor-heading-title elementor-size-default\">Vuoi conoscerci ancora meglio?<\/h3>\t\t\t\t<\/div>\n\t\t\t\t<\/div>\n\t\t\t\t<div class=\"elementor-element elementor-element-52a5ad6 elementor-widget elementor-widget-text-editor\" data-id=\"52a5ad6\" data-element_type=\"widget\" data-widget_type=\"text-editor.default\">\n\t\t\t\t<div class=\"elementor-widget-container\">\n\t\t\t\t\t\t\t\t\t<p>Puoi trovare impressioni reali della nostra filosofia sui nostri canali di social media. Senza filtri, proprio come siamo veramente.<\/p>\n\t\t\t\t\t\t\t\t<\/div>\n\t\t\t\t<\/div>\n\t\t\t\t\t<\/div>\n\t\t<\/div>\n\t\t\t\t<div class=\"elementor-column elementor-col-20 elementor-inner-column elementor-element elementor-element-54c14b6\" data-id=\"54c14b6\" data-element_type=\"column\">\n\t\t\t<div class=\"elementor-widget-wrap elementor-element-populated\">\n\t\t\t\t\t\t<div class=\"elementor-element elementor-element-8301242 elementor-view-default elementor-widget elementor-widget-icon\" data-id=\"8301242\" data-element_type=\"widget\" data-widget_type=\"icon.default\">\n\t\t\t\t<div class=\"elementor-widget-container\">\n\t\t\t\t\t\t\t<div class=\"elementor-icon-wrapper\">\n\t\t\t<a class=\"elementor-icon elementor-animation-shrink\" href=\"https:\/\/www.facebook.com\/profile.php?id=100057350804699\" rel=\"noopener\">\n\t\t\t<i aria-hidden=\"true\" class=\"icon icon-Facebook\"><\/i>\t\t\t<\/a>\n\t\t<\/div>\n\t\t\t\t\t\t<\/div>\n\t\t\t\t<\/div>\n\t\t\t\t\t<\/div>\n\t\t<\/div>\n\t\t\t\t<div class=\"elementor-column elementor-col-20 elementor-inner-column elementor-element elementor-element-fafa348\" data-id=\"fafa348\" data-element_type=\"column\">\n\t\t\t<div class=\"elementor-widget-wrap elementor-element-populated\">\n\t\t\t\t\t\t<div class=\"elementor-element elementor-element-8b97823 elementor-view-default elementor-widget elementor-widget-icon\" data-id=\"8b97823\" data-element_type=\"widget\" data-widget_type=\"icon.default\">\n\t\t\t\t<div class=\"elementor-widget-container\">\n\t\t\t\t\t\t\t<div class=\"elementor-icon-wrapper\">\n\t\t\t<a class=\"elementor-icon elementor-animation-shrink\" href=\"https:\/\/www.instagram.com\/hskabeltechnik\/\" rel=\"noopener\">\n\t\t\t<i aria-hidden=\"true\" class=\"icon icon-Instagram\"><\/i>\t\t\t<\/a>\n\t\t<\/div>\n\t\t\t\t\t\t<\/div>\n\t\t\t\t<\/div>\n\t\t\t\t\t<\/div>\n\t\t<\/div>\n\t\t\t\t<div class=\"elementor-column elementor-col-20 elementor-inner-column elementor-element elementor-element-5ca9910\" data-id=\"5ca9910\" data-element_type=\"column\">\n\t\t\t<div class=\"elementor-widget-wrap elementor-element-populated\">\n\t\t\t\t\t\t<div class=\"elementor-element elementor-element-39ae603 elementor-view-default elementor-widget elementor-widget-icon\" data-id=\"39ae603\" data-element_type=\"widget\" data-widget_type=\"icon.default\">\n\t\t\t\t<div class=\"elementor-widget-container\">\n\t\t\t\t\t\t\t<div class=\"elementor-icon-wrapper\">\n\t\t\t<a class=\"elementor-icon elementor-animation-shrink\" href=\"https:\/\/www.linkedin.com\/company\/hskabeltechnik\/\" rel=\"noopener\">\n\t\t\t<i aria-hidden=\"true\" class=\"icon icon-LinkedIn\"><\/i>\t\t\t<\/a>\n\t\t<\/div>\n\t\t\t\t\t\t<\/div>\n\t\t\t\t<\/div>\n\t\t\t\t\t<\/div>\n\t\t<\/div>\n\t\t\t\t<div class=\"elementor-column elementor-col-20 elementor-inner-column elementor-element elementor-element-62b398b\" data-id=\"62b398b\" data-element_type=\"column\">\n\t\t\t<div class=\"elementor-widget-wrap elementor-element-populated\">\n\t\t\t\t\t\t<div class=\"elementor-element elementor-element-f33dda7 elementor-view-default elementor-widget elementor-widget-icon\" data-id=\"f33dda7\" data-element_type=\"widget\" data-widget_type=\"icon.default\">\n\t\t\t\t<div class=\"elementor-widget-container\">\n\t\t\t\t\t\t\t<div class=\"elementor-icon-wrapper\">\n\t\t\t<a class=\"elementor-icon elementor-animation-shrink\" href=\"https:\/\/www.youtube.com\/channel\/UCdZc7sfcsTuieG3ZDOJ-RDw\" rel=\"noopener\">\n\t\t\t<i aria-hidden=\"true\" class=\"icon icon-Youtube\"><\/i>\t\t\t<\/a>\n\t\t<\/div>\n\t\t\t\t\t\t<\/div>\n\t\t\t\t<\/div>\n\t\t\t\t\t<\/div>\n\t\t<\/div>\n\t\t\t\t\t<\/div>\n\t\t<\/section>\n\t\t\t\t\t<\/div>\n\t\t<\/div>\n\t\t\t\t\t<\/div>\n\t\t<\/section>\n\t\t\t\t<\/div>\n\t\t","protected":false},"excerpt":{"rendered":"<p>Filosofia Questo \u00e8 ci\u00f2 che rappresenta H&amp;S Kabeltechnik &#8211; questo \u00e8 ci\u00f2 che rappresentiamo: La nostra missione Poche parole rappresentano i valori vissuti dal nostro dipendenti. Tutti sanno: &#8220;Un&#8217;azienda vale solo quanto i suoi dipendenti&#8221; &#8211; quindi il successo si basa sul contributo positivo di ogni individuo che si identifica con l&#8217;azienda e i nostri [&hellip;]<\/p>\n","protected":false},"author":5,"featured_media":0,"parent":0,"menu_order":2,"comment_status":"closed","ping_status":"closed","template":"","meta":{"_acf_changed":false,"_genesis_hide_title":false,"_genesis_hide_breadcrumbs":false,"_genesis_hide_singular_image":false,"_genesis_hide_footer_widgets":false,"_genesis_custom_body_class":"","_genesis_custom_post_class":"","_genesis_layout":"","footnotes":""},"class_list":{"0":"post-6096","1":"page","2":"type-page","3":"status-publish","5":"entry"},"acf":[],"_links":{"self":[{"href":"https:\/\/www.hs-kabeltechnik.at\/it\/wp-json\/wp\/v2\/pages\/6096","targetHints":{"allow":["GET"]}}],"collection":[{"href":"https:\/\/www.hs-kabeltechnik.at\/it\/wp-json\/wp\/v2\/pages"}],"about":[{"href":"https:\/\/www.hs-kabeltechnik.at\/it\/wp-json\/wp\/v2\/types\/page"}],"author":[{"embeddable":true,"href":"https:\/\/www.hs-kabeltechnik.at\/it\/wp-json\/wp\/v2\/users\/5"}],"replies":[{"embeddable":true,"href":"https:\/\/www.hs-kabeltechnik.at\/it\/wp-json\/wp\/v2\/comments?post=6096"}],"version-history":[{"count":9,"href":"https:\/\/www.hs-kabeltechnik.at\/it\/wp-json\/wp\/v2\/pages\/6096\/revisions"}],"predecessor-version":[{"id":14690,"href":"https:\/\/www.hs-kabeltechnik.at\/it\/wp-json\/wp\/v2\/pages\/6096\/revisions\/14690"}],"wp:attachment":[{"href":"https:\/\/www.hs-kabeltechnik.at\/it\/wp-json\/wp\/v2\/media?parent=6096"}],"curies":[{"name":"wp","href":"https:\/\/api.w.org\/{rel}","templated":true}]}}