{"id":14938,"date":"2025-11-19T06:45:58","date_gmt":"2025-11-19T06:45:58","guid":{"rendered":"https:\/\/www.hs-kabeltechnik.at\/tecnologia\/"},"modified":"2026-01-22T10:01:36","modified_gmt":"2026-01-22T10:01:36","slug":"tecnologia","status":"publish","type":"page","link":"https:\/\/www.hs-kabeltechnik.at\/it\/tecnologia\/","title":{"rendered":"Tecnologia"},"content":{"rendered":"\t\t<div data-elementor-type=\"wp-page\" data-elementor-id=\"14938\" class=\"elementor elementor-14938 elementor-14692\" data-elementor-post-type=\"page\">\n\t\t\t\t\t\t<section class=\"elementor-section elementor-top-section elementor-element elementor-element-1efce18 elementor-section-boxed elementor-section-height-default elementor-section-height-default\" data-id=\"1efce18\" data-element_type=\"section\">\n\t\t\t\t\t\t<div class=\"elementor-container elementor-column-gap-default\">\n\t\t\t\t\t<div class=\"elementor-column elementor-col-100 elementor-top-column elementor-element elementor-element-d79973b\" data-id=\"d79973b\" data-element_type=\"column\">\n\t\t\t<div class=\"elementor-widget-wrap elementor-element-populated\">\n\t\t\t\t\t\t<div class=\"elementor-element elementor-element-4d1cc10 elementor-widget elementor-widget-heading\" data-id=\"4d1cc10\" data-element_type=\"widget\" data-widget_type=\"heading.default\">\n\t\t\t\t<div class=\"elementor-widget-container\">\n\t\t\t\t\t<h1 class=\"elementor-heading-title elementor-size-default\">Tecnologia<\/h1>\t\t\t\t<\/div>\n\t\t\t\t<\/div>\n\t\t\t\t\t<\/div>\n\t\t<\/div>\n\t\t\t\t\t<\/div>\n\t\t<\/section>\n\t\t\t\t<section class=\"elementor-section elementor-top-section elementor-element elementor-element-a193907 elementor-section-boxed elementor-section-height-default elementor-section-height-default\" data-id=\"a193907\" data-element_type=\"section\">\n\t\t\t\t\t\t<div class=\"elementor-container elementor-column-gap-default\">\n\t\t\t\t\t<div class=\"elementor-column elementor-col-100 elementor-top-column elementor-element elementor-element-4b6abae\" data-id=\"4b6abae\" data-element_type=\"column\">\n\t\t\t<div class=\"elementor-widget-wrap elementor-element-populated\">\n\t\t\t\t\t\t<div class=\"elementor-element elementor-element-2994138 elementor-widget elementor-widget-heading\" data-id=\"2994138\" data-element_type=\"widget\" data-widget_type=\"heading.default\">\n\t\t\t\t<div class=\"elementor-widget-container\">\n\t\t\t\t\t<h2 class=\"elementor-heading-title elementor-size-default\">Procedimenti innovativi<\/h2>\t\t\t\t<\/div>\n\t\t\t\t<\/div>\n\t\t\t\t<div class=\"elementor-element elementor-element-0699e19 elementor-widget elementor-widget-text-editor\" data-id=\"0699e19\" data-element_type=\"widget\" data-widget_type=\"text-editor.default\">\n\t\t\t\t<div class=\"elementor-widget-container\">\n\t\t\t\t\t\t\t\t\t<p>Ci impegniamo costantemente per superare noi stessi. Puntiamo sull&#8217;innovazione, sulle tecnologie pi\u00f9 moderne e sullo sviluppo continuo per offrire sempre ai nostri clienti le soluzioni migliori, secondo il motto:<\/p>\n\t\t\t\t\t\t\t\t<\/div>\n\t\t\t\t<\/div>\n\t\t\t\t<div class=\"elementor-element elementor-element-ea72a96 elementor-widget elementor-widget-text-editor\" data-id=\"ea72a96\" data-element_type=\"widget\" data-widget_type=\"text-editor.default\">\n\t\t\t\t<div class=\"elementor-widget-container\">\n\t\t\t\t\t\t\t\t\t<p><strong><em>&#8220;L\u2019ultimo dettaglio, il pi\u00f9 impegnativo, fa la differenza. Il 99\u202f% non basta: serve il 100\u202f%.\u202f&#8221;<\/em><\/strong><\/p>\n\t\t\t\t\t\t\t\t<\/div>\n\t\t\t\t<\/div>\n\t\t\t\t\t<\/div>\n\t\t<\/div>\n\t\t\t\t\t<\/div>\n\t\t<\/section>\n\t\t\t\t<section class=\"elementor-section elementor-top-section elementor-element elementor-element-80e8598 elementor-section-boxed elementor-section-height-default elementor-section-height-default\" data-id=\"80e8598\" data-element_type=\"section\">\n\t\t\t\t\t\t<div class=\"elementor-container elementor-column-gap-default\">\n\t\t\t\t\t<div class=\"elementor-column elementor-col-50 elementor-top-column elementor-element elementor-element-1305dde\" data-id=\"1305dde\" data-element_type=\"column\">\n\t\t\t<div class=\"elementor-widget-wrap elementor-element-populated\">\n\t\t\t\t\t\t<div class=\"elementor-element elementor-element-e3c20ee elementor-widget elementor-widget-heading\" data-id=\"e3c20ee\" data-element_type=\"widget\" data-widget_type=\"heading.default\">\n\t\t\t\t<div class=\"elementor-widget-container\">\n\t\t\t\t\t<h3 class=\"elementor-heading-title elementor-size-default\">Processo hot melt<\/h3>\t\t\t\t<\/div>\n\t\t\t\t<\/div>\n\t\t\t\t<div class=\"elementor-element elementor-element-301ac78 elementor-widget elementor-widget-text-editor\" data-id=\"301ac78\" data-element_type=\"widget\" data-widget_type=\"text-editor.default\">\n\t\t\t\t<div class=\"elementor-widget-container\">\n\t\t\t\t\t\t\t\t\t<p>La tecnologia hot melt \u00e8 una tecnica di lavorazione che opera a bassa pressione e consente quindi l&#8217;utilizzo <strong>di stampi in alluminio<\/strong>. Grazie alla bassa pressione di lavorazione e alle basse temperature, questo processo \u00e8 particolarmente indicato per materie prime sensibili come circuiti stampati o rel\u00e8. Il processo hot melt garantisce quindi la massima flessibilit\u00e0 e precisione.<\/p>\n\t\t\t\t\t\t\t\t<\/div>\n\t\t\t\t<\/div>\n\t\t\t\t\t<\/div>\n\t\t<\/div>\n\t\t\t\t<div class=\"elementor-column elementor-col-50 elementor-top-column elementor-element elementor-element-0f03b7b\" data-id=\"0f03b7b\" data-element_type=\"column\">\n\t\t\t<div class=\"elementor-widget-wrap elementor-element-populated\">\n\t\t\t\t\t\t<div class=\"elementor-element elementor-element-84020f7 elementor-widget elementor-widget-image\" data-id=\"84020f7\" data-element_type=\"widget\" data-widget_type=\"image.default\">\n\t\t\t\t<div class=\"elementor-widget-container\">\n\t\t\t\t\t\t\t\t\t\t\t\t\t\t\t<img fetchpriority=\"high\" decoding=\"async\" width=\"900\" height=\"600\" src=\"https:\/\/www.hs-kabeltechnik.at\/wp-content\/uploads\/2025\/11\/hotmelt.jpg\" class=\"attachment-large size-large wp-image-14624\" alt=\"Processo di sovrastampaggio a bassa pressione\" srcset=\"https:\/\/www.hs-kabeltechnik.at\/wp-content\/uploads\/2025\/11\/hotmelt.jpg 900w, https:\/\/www.hs-kabeltechnik.at\/wp-content\/uploads\/2025\/11\/hotmelt-300x200.jpg 300w, https:\/\/www.hs-kabeltechnik.at\/wp-content\/uploads\/2025\/11\/hotmelt-768x512.jpg 768w\" sizes=\"(max-width: 900px) 100vw, 900px\" \/>\t\t\t\t\t\t\t\t\t\t\t\t\t\t\t<\/div>\n\t\t\t\t<\/div>\n\t\t\t\t\t<\/div>\n\t\t<\/div>\n\t\t\t\t\t<\/div>\n\t\t<\/section>\n\t\t\t\t<section class=\"elementor-section elementor-top-section elementor-element elementor-element-3505f00 elementor-section-boxed elementor-section-height-default elementor-section-height-default\" data-id=\"3505f00\" data-element_type=\"section\">\n\t\t\t\t\t\t<div class=\"elementor-container elementor-column-gap-default\">\n\t\t\t\t\t<div class=\"elementor-column elementor-col-50 elementor-top-column elementor-element elementor-element-4377d77\" data-id=\"4377d77\" data-element_type=\"column\">\n\t\t\t<div class=\"elementor-widget-wrap elementor-element-populated\">\n\t\t\t\t\t\t<div class=\"elementor-element elementor-element-5ae7905 elementor-widget elementor-widget-heading\" data-id=\"5ae7905\" data-element_type=\"widget\" data-widget_type=\"heading.default\">\n\t\t\t\t<div class=\"elementor-widget-container\">\n\t\t\t\t\t<h3 class=\"elementor-heading-title elementor-size-default\">Saldatura<\/h3>\t\t\t\t<\/div>\n\t\t\t\t<\/div>\n\t\t\t\t<div class=\"elementor-element elementor-element-c042cbb elementor-widget elementor-widget-text-editor\" data-id=\"c042cbb\" data-element_type=\"widget\" data-widget_type=\"text-editor.default\">\n\t\t\t\t<div class=\"elementor-widget-container\">\n\t\t\t\t\t\t\t\t\t<p>Una saldatura precisa garantisce connessioni resistenti alla corrosione e conduttrici di corrente e calore. Il risultato sono cavi assemblati durevoli e affidabili, in grado di soddisfare anche le esigenze pi\u00f9 elevate.<\/p>\n\t\t\t\t\t\t\t\t<\/div>\n\t\t\t\t<\/div>\n\t\t\t\t\t<\/div>\n\t\t<\/div>\n\t\t\t\t<div class=\"elementor-column elementor-col-50 elementor-top-column elementor-element elementor-element-409e21b\" data-id=\"409e21b\" data-element_type=\"column\">\n\t\t\t<div class=\"elementor-widget-wrap elementor-element-populated\">\n\t\t\t\t\t\t<div class=\"elementor-element elementor-element-29dec75 elementor-widget elementor-widget-image\" data-id=\"29dec75\" data-element_type=\"widget\" data-widget_type=\"image.default\">\n\t\t\t\t<div class=\"elementor-widget-container\">\n\t\t\t\t\t\t\t\t\t\t\t\t\t\t\t<img decoding=\"async\" width=\"900\" height=\"600\" src=\"https:\/\/www.hs-kabeltechnik.at\/wp-content\/uploads\/2025\/11\/loeten.jpg\" class=\"attachment-large size-large wp-image-14629\" alt=\"Saldatura Assemblaggio cavi\" srcset=\"https:\/\/www.hs-kabeltechnik.at\/wp-content\/uploads\/2025\/11\/loeten.jpg 900w, https:\/\/www.hs-kabeltechnik.at\/wp-content\/uploads\/2025\/11\/loeten-300x200.jpg 300w, https:\/\/www.hs-kabeltechnik.at\/wp-content\/uploads\/2025\/11\/loeten-768x512.jpg 768w\" sizes=\"(max-width: 900px) 100vw, 900px\" \/>\t\t\t\t\t\t\t\t\t\t\t\t\t\t\t<\/div>\n\t\t\t\t<\/div>\n\t\t\t\t\t<\/div>\n\t\t<\/div>\n\t\t\t\t\t<\/div>\n\t\t<\/section>\n\t\t\t\t<section class=\"elementor-section elementor-top-section elementor-element elementor-element-d4434a8 elementor-section-boxed elementor-section-height-default elementor-section-height-default\" data-id=\"d4434a8\" data-element_type=\"section\">\n\t\t\t\t\t\t<div class=\"elementor-container elementor-column-gap-default\">\n\t\t\t\t\t<div class=\"elementor-column elementor-col-50 elementor-top-column elementor-element elementor-element-4afd884\" data-id=\"4afd884\" data-element_type=\"column\">\n\t\t\t<div class=\"elementor-widget-wrap elementor-element-populated\">\n\t\t\t\t\t\t<div class=\"elementor-element elementor-element-4937afa elementor-widget elementor-widget-heading\" data-id=\"4937afa\" data-element_type=\"widget\" data-widget_type=\"heading.default\">\n\t\t\t\t<div class=\"elementor-widget-container\">\n\t\t\t\t\t<h3 class=\"elementor-heading-title elementor-size-default\">Stampa 3D<\/h3>\t\t\t\t<\/div>\n\t\t\t\t<\/div>\n\t\t\t\t<div class=\"elementor-element elementor-element-ffe8c3f elementor-widget elementor-widget-text-editor\" data-id=\"ffe8c3f\" data-element_type=\"widget\" data-widget_type=\"text-editor.default\">\n\t\t\t\t<div class=\"elementor-widget-container\">\n\t\t\t\t\t\t\t\t\t<p>Grazie alla moderna stampa 3D realizziamo prototipi, componenti su misura e forme complesse. Ci\u00f2 riduce i tempi di sviluppo e apre nuove possibilit\u00e0 per soluzioni di produzione innovative.<\/p>\n\t\t\t\t\t\t\t\t<\/div>\n\t\t\t\t<\/div>\n\t\t\t\t\t<\/div>\n\t\t<\/div>\n\t\t\t\t<div class=\"elementor-column elementor-col-50 elementor-top-column elementor-element elementor-element-0cdae97\" data-id=\"0cdae97\" data-element_type=\"column\">\n\t\t\t<div class=\"elementor-widget-wrap elementor-element-populated\">\n\t\t\t\t\t\t<div class=\"elementor-element elementor-element-ee67b03 elementor-widget elementor-widget-image\" data-id=\"ee67b03\" data-element_type=\"widget\" data-widget_type=\"image.default\">\n\t\t\t\t<div class=\"elementor-widget-container\">\n\t\t\t\t\t\t\t\t\t\t\t\t\t\t\t<img decoding=\"async\" width=\"668\" height=\"450\" src=\"https:\/\/www.hs-kabeltechnik.at\/wp-content\/uploads\/2025\/11\/3d.jpg\" class=\"attachment-large size-large wp-image-14639\" alt=\"Stampa 3D Assemblaggio cavi\" srcset=\"https:\/\/www.hs-kabeltechnik.at\/wp-content\/uploads\/2025\/11\/3d.jpg 668w, https:\/\/www.hs-kabeltechnik.at\/wp-content\/uploads\/2025\/11\/3d-300x202.jpg 300w\" sizes=\"(max-width: 668px) 100vw, 668px\" \/>\t\t\t\t\t\t\t\t\t\t\t\t\t\t\t<\/div>\n\t\t\t\t<\/div>\n\t\t\t\t\t<\/div>\n\t\t<\/div>\n\t\t\t\t\t<\/div>\n\t\t<\/section>\n\t\t\t\t<section class=\"elementor-section elementor-top-section elementor-element elementor-element-8e463f6 elementor-section-boxed elementor-section-height-default elementor-section-height-default\" data-id=\"8e463f6\" data-element_type=\"section\">\n\t\t\t\t\t\t<div class=\"elementor-container elementor-column-gap-default\">\n\t\t\t\t\t<div class=\"elementor-column elementor-col-100 elementor-top-column elementor-element elementor-element-b82e372\" data-id=\"b82e372\" data-element_type=\"column\">\n\t\t\t<div class=\"elementor-widget-wrap elementor-element-populated\">\n\t\t\t\t\t\t<div class=\"elementor-element elementor-element-eac973b elementor-widget elementor-widget-heading\" data-id=\"eac973b\" data-element_type=\"widget\" data-widget_type=\"heading.default\">\n\t\t\t\t<div class=\"elementor-widget-container\">\n\t\t\t\t\t<h2 class=\"elementor-heading-title elementor-size-default\">I nostri prodotti<\/h2>\t\t\t\t<\/div>\n\t\t\t\t<\/div>\n\t\t\t\t\t<\/div>\n\t\t<\/div>\n\t\t\t\t\t<\/div>\n\t\t<\/section>\n\t\t\t\t<section class=\"elementor-section elementor-top-section elementor-element elementor-element-3434eb3 elementor-section-boxed elementor-section-height-default elementor-section-height-default\" data-id=\"3434eb3\" data-element_type=\"section\">\n\t\t\t\t\t\t<div class=\"elementor-container elementor-column-gap-default\">\n\t\t\t\t\t<div class=\"elementor-column elementor-col-100 elementor-top-column elementor-element elementor-element-7f4a68a\" data-id=\"7f4a68a\" data-element_type=\"column\">\n\t\t\t<div class=\"elementor-widget-wrap elementor-element-populated\">\n\t\t\t\t\t\t<div class=\"elementor-element elementor-element-ea8ef14 elementor--h-position-center elementor--v-position-middle elementor-arrows-position-inside elementor-pagination-position-inside elementor-widget elementor-widget-slides\" data-id=\"ea8ef14\" data-element_type=\"widget\" data-settings=\"{&quot;autoplay_speed&quot;:9500,&quot;transition_speed&quot;:1500,&quot;navigation&quot;:&quot;both&quot;,&quot;autoplay&quot;:&quot;yes&quot;,&quot;pause_on_hover&quot;:&quot;yes&quot;,&quot;pause_on_interaction&quot;:&quot;yes&quot;,&quot;infinite&quot;:&quot;yes&quot;,&quot;transition&quot;:&quot;slide&quot;}\" data-widget_type=\"slides.default\">\n\t\t\t\t<div class=\"elementor-widget-container\">\n\t\t\t\t\t\t\t\t\t<div class=\"elementor-swiper\">\n\t\t\t\t\t<div class=\"elementor-slides-wrapper elementor-main-swiper swiper\" role=\"region\" aria-roledescription=\"carousel\" aria-label=\"Slider\" dir=\"ltr\" data-animation=\"fadeInUp\">\n\t\t\t\t<div class=\"swiper-wrapper elementor-slides\">\n\t\t\t\t\t\t\t\t\t\t<div class=\"elementor-repeater-item-4f67494 swiper-slide\" role=\"group\" aria-roledescription=\"slide\"><div class=\"swiper-slide-bg elementor-ken-burns elementor-ken-burns--in\" role=\"img\" aria-label=\"Assemblaggio cavi H&amp;S Kabeltechnik\"><\/div><div class=\"elementor-background-overlay\"><\/div><a class=\"swiper-slide-inner\" href=\"https:\/\/www.hs-kabeltechnik.at\/it\/produkte\/assemblaggi-di-cavi\/\"><div class=\"swiper-slide-contents\"><div class=\"elementor-slide-heading\">Assemblaggi di cavi<\/div><div class=\"elementor-slide-description\"><p>Prodotti personalizzati e realizzati secondo le vostre esigenze<\/p>\n<\/div><div  class=\"elementor-button elementor-slide-button elementor-size-sm\">Maggiori informazioni<\/div><\/div><\/a><\/div><div class=\"elementor-repeater-item-e03215d swiper-slide\" role=\"group\" aria-roledescription=\"slide\"><div class=\"swiper-slide-bg elementor-ken-burns elementor-ken-burns--in\" role=\"img\" aria-label=\"Fascette per cavi H&amp;S Kabeltechnik\"><\/div><div class=\"elementor-background-overlay\"><\/div><a class=\"swiper-slide-inner\" href=\"https:\/\/www.hs-kabeltechnik.at\/it\/produkte\/cablaggi\/\"><div class=\"swiper-slide-contents\"><div class=\"elementor-slide-heading\">Cablaggi<\/div><div class=\"elementor-slide-description\"><p>La complessa assemblaggio di cavi secondo i pi\u00f9 elevati criteri di qualit\u00e0<\/p>\n<\/div><div  class=\"elementor-button elementor-slide-button elementor-size-sm\">Maggiori informazioni<\/div><\/div><\/a><\/div><div class=\"elementor-repeater-item-ca5a4fd swiper-slide\" role=\"group\" aria-roledescription=\"slide\"><div class=\"swiper-slide-bg elementor-ken-burns elementor-ken-burns--in\" role=\"img\" aria-label=\"Cavo display LVDS H&amp;S Kabeltechnik\"><\/div><div class=\"elementor-background-overlay\"><\/div><a class=\"swiper-slide-inner\" href=\"https:\/\/www.hs-kabeltechnik.at\/it\/produkte\/cavo-lvds\/\"><div class=\"swiper-slide-contents\"><div class=\"elementor-slide-heading\">Cavo LVDS<\/div><div class=\"elementor-slide-description\"><p>Produzione possibile in una vasta gamma di varianti e versioni<\/p>\n<\/div><div  class=\"elementor-button elementor-slide-button elementor-size-sm\">Maggiori informazioni<\/div><\/div><\/a><\/div><div class=\"elementor-repeater-item-16ce09c swiper-slide\" role=\"group\" aria-roledescription=\"slide\"><div class=\"swiper-slide-bg elementor-ken-burns elementor-ken-burns--in\" role=\"img\" aria-label=\"Confezionamento cavi personalizzato H&amp;S Kabeltechnik\"><\/div><div class=\"elementor-background-overlay\"><\/div><a class=\"swiper-slide-inner\" href=\"https:\/\/www.hs-kabeltechnik.at\/it\/produkte\/\"><div class=\"swiper-slide-contents\"><div class=\"elementor-slide-heading\">Panoramica dei prodotti<\/div><div class=\"elementor-slide-description\"><p>Scoprite la nostra vasta gamma di prodotti e possibilit\u00e0<\/p>\n<\/div><div  class=\"elementor-button elementor-slide-button elementor-size-sm\">Maggiori informazioni<\/div><\/div><\/a><\/div>\t\t\t\t<\/div>\n\t\t\t\t\t\t\t\t\t\t\t\t\t\t\t<div class=\"elementor-swiper-button elementor-swiper-button-prev\" role=\"button\" tabindex=\"0\" aria-label=\"Diapositiva precedente\">\n\t\t\t\t\t\t\t<i aria-hidden=\"true\" class=\"eicon-chevron-left\"><\/i>\t\t\t\t\t\t<\/div>\n\t\t\t\t\t\t<div class=\"elementor-swiper-button elementor-swiper-button-next\" role=\"button\" tabindex=\"0\" aria-label=\"Prossima diapositiva\">\n\t\t\t\t\t\t\t<i aria-hidden=\"true\" class=\"eicon-chevron-right\"><\/i>\t\t\t\t\t\t<\/div>\n\t\t\t\t\t\t\t\t\t\t\t\t\t\t\t\t<div class=\"swiper-pagination\"><\/div>\n\t\t\t\t\t\t\t\t\t\t\t\t<\/div>\n\t\t\t\t<\/div>\n\t\t\t\t\t\t\t\t<\/div>\n\t\t\t\t<\/div>\n\t\t\t\t\t<\/div>\n\t\t<\/div>\n\t\t\t\t\t<\/div>\n\t\t<\/section>\n\t\t\t\t<\/div>\n\t\t","protected":false},"excerpt":{"rendered":"<p>Tecnologia Procedimenti innovativi Ci impegniamo costantemente per superare noi stessi. Puntiamo sull&#8217;innovazione, sulle tecnologie pi\u00f9 moderne e sullo sviluppo continuo per offrire sempre ai nostri clienti le soluzioni migliori, secondo il motto: &#8220;L\u2019ultimo dettaglio, il pi\u00f9 impegnativo, fa la differenza. Il 99\u202f% non basta: serve il 100\u202f%.\u202f&#8221; Processo hot melt La tecnologia hot melt \u00e8 [&hellip;]<\/p>\n","protected":false},"author":5,"featured_media":0,"parent":0,"menu_order":0,"comment_status":"closed","ping_status":"closed","template":"","meta":{"_acf_changed":false,"_genesis_hide_title":false,"_genesis_hide_breadcrumbs":false,"_genesis_hide_singular_image":false,"_genesis_hide_footer_widgets":false,"_genesis_custom_body_class":"","_genesis_custom_post_class":"","_genesis_layout":"","footnotes":""},"class_list":{"0":"post-14938","1":"page","2":"type-page","3":"status-publish","5":"entry"},"acf":[],"_links":{"self":[{"href":"https:\/\/www.hs-kabeltechnik.at\/it\/wp-json\/wp\/v2\/pages\/14938","targetHints":{"allow":["GET"]}}],"collection":[{"href":"https:\/\/www.hs-kabeltechnik.at\/it\/wp-json\/wp\/v2\/pages"}],"about":[{"href":"https:\/\/www.hs-kabeltechnik.at\/it\/wp-json\/wp\/v2\/types\/page"}],"author":[{"embeddable":true,"href":"https:\/\/www.hs-kabeltechnik.at\/it\/wp-json\/wp\/v2\/users\/5"}],"replies":[{"embeddable":true,"href":"https:\/\/www.hs-kabeltechnik.at\/it\/wp-json\/wp\/v2\/comments?post=14938"}],"version-history":[{"count":4,"href":"https:\/\/www.hs-kabeltechnik.at\/it\/wp-json\/wp\/v2\/pages\/14938\/revisions"}],"predecessor-version":[{"id":15033,"href":"https:\/\/www.hs-kabeltechnik.at\/it\/wp-json\/wp\/v2\/pages\/14938\/revisions\/15033"}],"wp:attachment":[{"href":"https:\/\/www.hs-kabeltechnik.at\/it\/wp-json\/wp\/v2\/media?parent=14938"}],"curies":[{"name":"wp","href":"https:\/\/api.w.org\/{rel}","templated":true}]}}