{"id":13844,"date":"2025-08-26T06:13:18","date_gmt":"2025-08-26T06:13:18","guid":{"rendered":"https:\/\/www.hs-kabeltechnik.at\/accessibilita\/"},"modified":"2025-08-26T07:21:35","modified_gmt":"2025-08-26T07:21:35","slug":"accessibilita","status":"publish","type":"page","link":"https:\/\/www.hs-kabeltechnik.at\/it\/accessibilita\/","title":{"rendered":"Accessibilit\u00e0"},"content":{"rendered":"\t\t<div data-elementor-type=\"wp-page\" data-elementor-id=\"13844\" class=\"elementor elementor-13844 elementor-13834\" data-elementor-post-type=\"page\">\n\t\t\t\t\t\t<section class=\"elementor-section elementor-top-section elementor-element elementor-element-273ab65 elementor-section-boxed elementor-section-height-default elementor-section-height-default\" data-id=\"273ab65\" data-element_type=\"section\">\n\t\t\t\t\t\t<div class=\"elementor-container elementor-column-gap-default\">\n\t\t\t\t\t<div class=\"elementor-column elementor-col-100 elementor-top-column elementor-element elementor-element-a9c1e00\" data-id=\"a9c1e00\" data-element_type=\"column\">\n\t\t\t<div class=\"elementor-widget-wrap elementor-element-populated\">\n\t\t\t\t\t\t<div class=\"elementor-element elementor-element-76869aa elementor-widget elementor-widget-heading\" data-id=\"76869aa\" data-element_type=\"widget\" data-widget_type=\"heading.default\">\n\t\t\t\t<div class=\"elementor-widget-container\">\n\t\t\t\t\t<h1 class=\"elementor-heading-title elementor-size-default\">Accessibilit\u00e0<\/h1>\t\t\t\t<\/div>\n\t\t\t\t<\/div>\n\t\t\t\t\t<\/div>\n\t\t<\/div>\n\t\t\t\t\t<\/div>\n\t\t<\/section>\n\t\t\t\t<section class=\"elementor-section elementor-top-section elementor-element elementor-element-beb52bb elementor-section-boxed elementor-section-height-default elementor-section-height-default\" data-id=\"beb52bb\" data-element_type=\"section\">\n\t\t\t\t\t\t<div class=\"elementor-container elementor-column-gap-default\">\n\t\t\t\t\t<div class=\"elementor-column elementor-col-100 elementor-top-column elementor-element elementor-element-29213fc\" data-id=\"29213fc\" data-element_type=\"column\">\n\t\t\t<div class=\"elementor-widget-wrap elementor-element-populated\">\n\t\t\t\t\t\t<div class=\"elementor-element elementor-element-2151caf elementor-widget elementor-widget-text-editor\" data-id=\"2151caf\" data-element_type=\"widget\" data-widget_type=\"text-editor.default\">\n\t\t\t\t<div class=\"elementor-widget-container\">\n\t\t\t\t\t\t\t\t\t<div class=\"elementor-element elementor-element-c7b9a9d elementor-widget elementor-widget-shortcode\" data-id=\"c7b9a9d\" data-element_type=\"widget\" data-widget_type=\"shortcode.default\">\n<div class=\"elementor-widget-container\">\n<div class=\"elementor-shortcode\">\n<p><strong>Dichiarazione di accessibilit\u00e0<\/strong><\/p>\n<p>H&amp;S Kabeltechnik GmbH si impegna a rendere il proprio sito web <a href=\"http:\/\/www.hs-kabeltechnik.at\">www.hs-kabeltechnik.at<\/a> accessibile in conformit\u00e0 con la legge sull&#8217;accessibilit\u00e0 del web (WZG).<\/p>\n<p><strong>Stato di conformit\u00e0 ai requisiti<\/strong><br \/>\nQuesto sito web \u00e8 parzialmente conforme alle Linee guida per l&#8217;accessibilit\u00e0 dei contenuti web (WCAG) 2.1 al livello di conformit\u00e0 AA a causa delle incompatibilit\u00e0 ed eccezioni indicate di seguito.<\/p>\n<p><strong>Contenuti non accessibili<\/strong><br \/>\nNonostante tutti gli sforzi compiuti per rendere il sito web accessibile, attualmente possono ancora verificarsi limitazioni nelle seguenti aree:<\/p>\n<ul>\n<li>I documenti PDF non sono ancora completamente ottimizzati per gli screen reader.<\/li>\n<li>Gli elementi interattivi, come moduli o captcha, potrebbero non essere sempre utilizzabili con la tastiera.<\/li>\n<li>I contrasti cromatici e le opzioni di visualizzazione personalizzate (ad es. la regolazione della dimensione dei caratteri) non sono ancora conformi agli standard raccomandati in tutti i casi.<\/li>\n<li>La struttura semantica delle singole pagine (ad es. l&#8217;ordine dei titoli o i punti di riferimento) viene migliorata gradualmente.<\/li>\n<\/ul>\n<p>Lavoriamo costantemente per migliorare questi aspetti e abbattere ulteriormente le barriere.<\/p>\n<p><strong>Creazione della presente dichiarazione<\/strong><br \/>\nLa presente dichiarazione \u00e8 stata redatta il 26\/08\/2025.<br \/>\nLa valutazione del sito web \u00e8 stata effettuata tramite autovalutazione.<\/p>\n<p><strong>Feedback e recapiti<\/strong><br \/>\nLavoriamo costantemente per migliorare l&#8217;accessibilit\u00e0. Se riscontrate ostacoli o contenuti non accessibili, vi preghiamo di contattarci:<\/p>\n<p><strong>Referente:<\/strong><br \/>\nH&amp;S Kabeltechnik GmbH<br \/>\nJagern 62<br \/>\n4761 Enzenkirchen<br \/>\noffice@hs-kabeltechnik.at<br \/>\n+43 (0) 77 62 \/ 43 705-0<\/p>\n<p><strong>Procedura di ricorso<\/strong><br \/>\nSe non ricevi una risposta soddisfacente alla tua segnalazione o richiesta relativa all&#8217;accessibilit\u00e0, puoi rivolgerti all&#8217;ufficio reclami:<\/p>\n<p>\u00d6sterreichische Forschungsf\u00f6rderungsgesellschaft mbH (FFG)<br \/>\nKompetenzstelle f\u00fcr barrierefreie IT<br \/>\nSensengasse 1, 1090 Wien<br \/>\nWeb: <a href=\"https:\/\/www.ffg.at\/barrierefreiheit\" rel=\"noopener\">https:\/\/www.ffg.at\/barrierefreiheit<\/a><br \/>\nE-Mail: <a href=\"mailto:barrierefreiheit@ffg.at\">barrierefreiheit@ffg.at<\/a><\/p>\n<\/div>\n<p><\/div>\n<p><\/div>\n<p><\/p>\n<div class=\"elementor-element elementor-element-518a02e elementor-widget elementor-widget-text-editor\" data-id=\"518a02e\" data-element_type=\"widget\" data-widget_type=\"text-editor.default\">\n<div class=\"elementor-widget-container\"><\/div>\n<p><\/div>\n\t\t\t\t\t\t\t\t<\/div>\n\t\t\t\t<\/div>\n\t\t\t\t\t<\/div>\n\t\t<\/div>\n\t\t\t\t\t<\/div>\n\t\t<\/section>\n\t\t\t\t<\/div>\n\t\t","protected":false},"excerpt":{"rendered":"<p>Accessibilit\u00e0 Dichiarazione di accessibilit\u00e0 H&amp;S Kabeltechnik GmbH si impegna a rendere il proprio sito web www.hs-kabeltechnik.at accessibile in conformit\u00e0 con la legge sull&#8217;accessibilit\u00e0 del web (WZG). Stato di conformit\u00e0 ai requisiti Questo sito web \u00e8 parzialmente conforme alle Linee guida per l&#8217;accessibilit\u00e0 dei contenuti web (WCAG) 2.1 al livello di conformit\u00e0 AA a causa delle [&hellip;]<\/p>\n","protected":false},"author":5,"featured_media":0,"parent":0,"menu_order":0,"comment_status":"closed","ping_status":"closed","template":"","meta":{"_acf_changed":false,"_genesis_hide_title":false,"_genesis_hide_breadcrumbs":false,"_genesis_hide_singular_image":false,"_genesis_hide_footer_widgets":false,"_genesis_custom_body_class":"","_genesis_custom_post_class":"","_genesis_layout":"","footnotes":""},"class_list":{"0":"post-13844","1":"page","2":"type-page","3":"status-publish","5":"entry"},"acf":[],"_links":{"self":[{"href":"https:\/\/www.hs-kabeltechnik.at\/it\/wp-json\/wp\/v2\/pages\/13844","targetHints":{"allow":["GET"]}}],"collection":[{"href":"https:\/\/www.hs-kabeltechnik.at\/it\/wp-json\/wp\/v2\/pages"}],"about":[{"href":"https:\/\/www.hs-kabeltechnik.at\/it\/wp-json\/wp\/v2\/types\/page"}],"author":[{"embeddable":true,"href":"https:\/\/www.hs-kabeltechnik.at\/it\/wp-json\/wp\/v2\/users\/5"}],"replies":[{"embeddable":true,"href":"https:\/\/www.hs-kabeltechnik.at\/it\/wp-json\/wp\/v2\/comments?post=13844"}],"version-history":[{"count":2,"href":"https:\/\/www.hs-kabeltechnik.at\/it\/wp-json\/wp\/v2\/pages\/13844\/revisions"}],"predecessor-version":[{"id":13859,"href":"https:\/\/www.hs-kabeltechnik.at\/it\/wp-json\/wp\/v2\/pages\/13844\/revisions\/13859"}],"wp:attachment":[{"href":"https:\/\/www.hs-kabeltechnik.at\/it\/wp-json\/wp\/v2\/media?parent=13844"}],"curies":[{"name":"wp","href":"https:\/\/api.w.org\/{rel}","templated":true}]}}