{"id":14929,"date":"2025-11-19T06:45:58","date_gmt":"2025-11-19T06:45:58","guid":{"rendered":"https:\/\/www.hs-kabeltechnik.at\/technologie\/"},"modified":"2026-01-26T06:59:23","modified_gmt":"2026-01-26T06:59:23","slug":"technologie","status":"publish","type":"page","link":"https:\/\/www.hs-kabeltechnik.at\/fr\/technologie\/","title":{"rendered":"Technologie"},"content":{"rendered":"\t\t<div data-elementor-type=\"wp-page\" data-elementor-id=\"14929\" class=\"elementor elementor-14929 elementor-14692\" data-elementor-post-type=\"page\">\n\t\t\t\t\t\t<section class=\"elementor-section elementor-top-section elementor-element elementor-element-1efce18 elementor-section-boxed elementor-section-height-default elementor-section-height-default\" data-id=\"1efce18\" data-element_type=\"section\">\n\t\t\t\t\t\t<div class=\"elementor-container elementor-column-gap-default\">\n\t\t\t\t\t<div class=\"elementor-column elementor-col-100 elementor-top-column elementor-element elementor-element-d79973b\" data-id=\"d79973b\" data-element_type=\"column\">\n\t\t\t<div class=\"elementor-widget-wrap elementor-element-populated\">\n\t\t\t\t\t\t<div class=\"elementor-element elementor-element-4d1cc10 elementor-widget elementor-widget-heading\" data-id=\"4d1cc10\" data-element_type=\"widget\" data-widget_type=\"heading.default\">\n\t\t\t\t<div class=\"elementor-widget-container\">\n\t\t\t\t\t<h1 class=\"elementor-heading-title elementor-size-default\">Technologie<\/h1>\t\t\t\t<\/div>\n\t\t\t\t<\/div>\n\t\t\t\t\t<\/div>\n\t\t<\/div>\n\t\t\t\t\t<\/div>\n\t\t<\/section>\n\t\t\t\t<section class=\"elementor-section elementor-top-section elementor-element elementor-element-a193907 elementor-section-boxed elementor-section-height-default elementor-section-height-default\" data-id=\"a193907\" data-element_type=\"section\">\n\t\t\t\t\t\t<div class=\"elementor-container elementor-column-gap-default\">\n\t\t\t\t\t<div class=\"elementor-column elementor-col-100 elementor-top-column elementor-element elementor-element-4b6abae\" data-id=\"4b6abae\" data-element_type=\"column\">\n\t\t\t<div class=\"elementor-widget-wrap elementor-element-populated\">\n\t\t\t\t\t\t<div class=\"elementor-element elementor-element-2994138 elementor-widget elementor-widget-heading\" data-id=\"2994138\" data-element_type=\"widget\" data-widget_type=\"heading.default\">\n\t\t\t\t<div class=\"elementor-widget-container\">\n\t\t\t\t\t<h2 class=\"elementor-heading-title elementor-size-default\">Proc\u00e9d\u00e9s innovants<\/h2>\t\t\t\t<\/div>\n\t\t\t\t<\/div>\n\t\t\t\t<div class=\"elementor-element elementor-element-0699e19 elementor-widget elementor-widget-text-editor\" data-id=\"0699e19\" data-element_type=\"widget\" data-widget_type=\"text-editor.default\">\n\t\t\t\t<div class=\"elementor-widget-container\">\n\t\t\t\t\t\t\t\t\t<p>Nous cherchons constamment \u00e0 nous d\u00e9passer. Nous misons sur l&rsquo;innovation, les technologies de pointe et le d\u00e9veloppement continu afin d&rsquo;offrir \u00e0 nos clients les meilleures solutions, conform\u00e9ment \u00e0 notre devise :<\/p>\n\t\t\t\t\t\t\t\t<\/div>\n\t\t\t\t<\/div>\n\t\t\t\t<div class=\"elementor-element elementor-element-ea72a96 elementor-widget elementor-widget-text-editor\" data-id=\"ea72a96\" data-element_type=\"widget\" data-widget_type=\"text-editor.default\">\n\t\t\t\t<div class=\"elementor-widget-container\">\n\t\t\t\t\t\t\t\t\t<p><strong><em>&lsquo;Le dernier d\u00e9tail exigeant fait la diff\u00e9rence. 99\u202f% ne suffit pas\u202f: il en faut 100\u202f%.&rsquo;<\/em><\/strong><\/p>\n\t\t\t\t\t\t\t\t<\/div>\n\t\t\t\t<\/div>\n\t\t\t\t\t<\/div>\n\t\t<\/div>\n\t\t\t\t\t<\/div>\n\t\t<\/section>\n\t\t\t\t<section class=\"elementor-section elementor-top-section elementor-element elementor-element-80e8598 elementor-section-boxed elementor-section-height-default elementor-section-height-default\" data-id=\"80e8598\" data-element_type=\"section\">\n\t\t\t\t\t\t<div class=\"elementor-container elementor-column-gap-default\">\n\t\t\t\t\t<div class=\"elementor-column elementor-col-50 elementor-top-column elementor-element elementor-element-1305dde\" data-id=\"1305dde\" data-element_type=\"column\">\n\t\t\t<div class=\"elementor-widget-wrap elementor-element-populated\">\n\t\t\t\t\t\t<div class=\"elementor-element elementor-element-e3c20ee elementor-widget elementor-widget-heading\" data-id=\"e3c20ee\" data-element_type=\"widget\" data-widget_type=\"heading.default\">\n\t\t\t\t<div class=\"elementor-widget-container\">\n\t\t\t\t\t<h3 class=\"elementor-heading-title elementor-size-default\">Proc\u00e9d\u00e9 Hotmelt<\/h3>\t\t\t\t<\/div>\n\t\t\t\t<\/div>\n\t\t\t\t<div class=\"elementor-element elementor-element-301ac78 elementor-widget elementor-widget-text-editor\" data-id=\"301ac78\" data-element_type=\"widget\" data-widget_type=\"text-editor.default\">\n\t\t\t\t<div class=\"elementor-widget-container\">\n\t\t\t\t\t\t\t\t\t<p>La technologie Hotmelt est une conception d&rsquo;outil qui fonctionne \u00e0 basse pression et permet ainsi l&rsquo;utilisation <strong>de moules en aluminium<\/strong>. En raison de la faible pression de traitement et des basses temp\u00e9ratures, ce proc\u00e9d\u00e9 est particuli\u00e8rement adapt\u00e9 aux mati\u00e8res premi\u00e8res sensibles telles que les circuits imprim\u00e9s ou les relais. Le proc\u00e9d\u00e9 Hotmelt garantit ainsi une flexibilit\u00e9 et une pr\u00e9cision maximales.<\/p>\n\t\t\t\t\t\t\t\t<\/div>\n\t\t\t\t<\/div>\n\t\t\t\t\t<\/div>\n\t\t<\/div>\n\t\t\t\t<div class=\"elementor-column elementor-col-50 elementor-top-column elementor-element elementor-element-0f03b7b\" data-id=\"0f03b7b\" data-element_type=\"column\">\n\t\t\t<div class=\"elementor-widget-wrap elementor-element-populated\">\n\t\t\t\t\t\t<div class=\"elementor-element elementor-element-84020f7 elementor-widget elementor-widget-image\" data-id=\"84020f7\" data-element_type=\"widget\" data-widget_type=\"image.default\">\n\t\t\t\t<div class=\"elementor-widget-container\">\n\t\t\t\t\t\t\t\t\t\t\t\t\t\t\t<img fetchpriority=\"high\" decoding=\"async\" width=\"900\" height=\"600\" src=\"https:\/\/www.hs-kabeltechnik.at\/wp-content\/uploads\/2025\/11\/hotmelt.jpg\" class=\"attachment-large size-large wp-image-14623\" alt=\"Proc\u00e9d\u00e9 de surmoulage \u00e0 basse pression\" srcset=\"https:\/\/www.hs-kabeltechnik.at\/wp-content\/uploads\/2025\/11\/hotmelt.jpg 900w, https:\/\/www.hs-kabeltechnik.at\/wp-content\/uploads\/2025\/11\/hotmelt-300x200.jpg 300w, https:\/\/www.hs-kabeltechnik.at\/wp-content\/uploads\/2025\/11\/hotmelt-768x512.jpg 768w\" sizes=\"(max-width: 900px) 100vw, 900px\" \/>\t\t\t\t\t\t\t\t\t\t\t\t\t\t\t<\/div>\n\t\t\t\t<\/div>\n\t\t\t\t\t<\/div>\n\t\t<\/div>\n\t\t\t\t\t<\/div>\n\t\t<\/section>\n\t\t\t\t<section class=\"elementor-section elementor-top-section elementor-element elementor-element-3505f00 elementor-section-boxed elementor-section-height-default elementor-section-height-default\" data-id=\"3505f00\" data-element_type=\"section\">\n\t\t\t\t\t\t<div class=\"elementor-container elementor-column-gap-default\">\n\t\t\t\t\t<div class=\"elementor-column elementor-col-50 elementor-top-column elementor-element elementor-element-4377d77\" data-id=\"4377d77\" data-element_type=\"column\">\n\t\t\t<div class=\"elementor-widget-wrap elementor-element-populated\">\n\t\t\t\t\t\t<div class=\"elementor-element elementor-element-5ae7905 elementor-widget elementor-widget-heading\" data-id=\"5ae7905\" data-element_type=\"widget\" data-widget_type=\"heading.default\">\n\t\t\t\t<div class=\"elementor-widget-container\">\n\t\t\t\t\t<h3 class=\"elementor-heading-title elementor-size-default\">soudure<\/h3>\t\t\t\t<\/div>\n\t\t\t\t<\/div>\n\t\t\t\t<div class=\"elementor-element elementor-element-c042cbb elementor-widget elementor-widget-text-editor\" data-id=\"c042cbb\" data-element_type=\"widget\" data-widget_type=\"text-editor.default\">\n\t\t\t\t<div class=\"elementor-widget-container\">\n\t\t\t\t\t\t\t\t\t<p>Un soudage pr\u00e9cis garantit des connexions r\u00e9sistantes \u00e0 la corrosion, conductrices d&rsquo;\u00e9lectricit\u00e9 et de chaleur. Il en r\u00e9sulte des assemblages de c\u00e2bles durables et fiables, qui r\u00e9pondent aux exigences les plus \u00e9lev\u00e9es.<\/p>\n\t\t\t\t\t\t\t\t<\/div>\n\t\t\t\t<\/div>\n\t\t\t\t\t<\/div>\n\t\t<\/div>\n\t\t\t\t<div class=\"elementor-column elementor-col-50 elementor-top-column elementor-element elementor-element-409e21b\" data-id=\"409e21b\" data-element_type=\"column\">\n\t\t\t<div class=\"elementor-widget-wrap elementor-element-populated\">\n\t\t\t\t\t\t<div class=\"elementor-element elementor-element-29dec75 elementor-widget elementor-widget-image\" data-id=\"29dec75\" data-element_type=\"widget\" data-widget_type=\"image.default\">\n\t\t\t\t<div class=\"elementor-widget-container\">\n\t\t\t\t\t\t\t\t\t\t\t\t\t\t\t<img decoding=\"async\" width=\"900\" height=\"600\" src=\"https:\/\/www.hs-kabeltechnik.at\/wp-content\/uploads\/2025\/11\/loeten.jpg\" class=\"attachment-large size-large wp-image-14628\" alt=\"Soudure Confection de c\u00e2bles\" srcset=\"https:\/\/www.hs-kabeltechnik.at\/wp-content\/uploads\/2025\/11\/loeten.jpg 900w, https:\/\/www.hs-kabeltechnik.at\/wp-content\/uploads\/2025\/11\/loeten-300x200.jpg 300w, https:\/\/www.hs-kabeltechnik.at\/wp-content\/uploads\/2025\/11\/loeten-768x512.jpg 768w\" sizes=\"(max-width: 900px) 100vw, 900px\" \/>\t\t\t\t\t\t\t\t\t\t\t\t\t\t\t<\/div>\n\t\t\t\t<\/div>\n\t\t\t\t\t<\/div>\n\t\t<\/div>\n\t\t\t\t\t<\/div>\n\t\t<\/section>\n\t\t\t\t<section class=\"elementor-section elementor-top-section elementor-element elementor-element-d4434a8 elementor-section-boxed elementor-section-height-default elementor-section-height-default\" data-id=\"d4434a8\" data-element_type=\"section\">\n\t\t\t\t\t\t<div class=\"elementor-container elementor-column-gap-default\">\n\t\t\t\t\t<div class=\"elementor-column elementor-col-50 elementor-top-column elementor-element elementor-element-4afd884\" data-id=\"4afd884\" data-element_type=\"column\">\n\t\t\t<div class=\"elementor-widget-wrap elementor-element-populated\">\n\t\t\t\t\t\t<div class=\"elementor-element elementor-element-4937afa elementor-widget elementor-widget-heading\" data-id=\"4937afa\" data-element_type=\"widget\" data-widget_type=\"heading.default\">\n\t\t\t\t<div class=\"elementor-widget-container\">\n\t\t\t\t\t<h3 class=\"elementor-heading-title elementor-size-default\">Impression 3D<\/h3>\t\t\t\t<\/div>\n\t\t\t\t<\/div>\n\t\t\t\t<div class=\"elementor-element elementor-element-ffe8c3f elementor-widget elementor-widget-text-editor\" data-id=\"ffe8c3f\" data-element_type=\"widget\" data-widget_type=\"text-editor.default\">\n\t\t\t\t<div class=\"elementor-widget-container\">\n\t\t\t\t\t\t\t\t\t<p>Gr\u00e2ce \u00e0 l&rsquo;impression 3D moderne, nous r\u00e9alisons des prototypes, des composants sur mesure et des formes complexes. Cela r\u00e9duit les d\u00e9lais de d\u00e9veloppement et ouvre de nouvelles possibilit\u00e9s pour des solutions de fabrication innovantes.<\/p>\n\t\t\t\t\t\t\t\t<\/div>\n\t\t\t\t<\/div>\n\t\t\t\t\t<\/div>\n\t\t<\/div>\n\t\t\t\t<div class=\"elementor-column elementor-col-50 elementor-top-column elementor-element elementor-element-0cdae97\" data-id=\"0cdae97\" data-element_type=\"column\">\n\t\t\t<div class=\"elementor-widget-wrap elementor-element-populated\">\n\t\t\t\t\t\t<div class=\"elementor-element elementor-element-ee67b03 elementor-widget elementor-widget-image\" data-id=\"ee67b03\" data-element_type=\"widget\" data-widget_type=\"image.default\">\n\t\t\t\t<div class=\"elementor-widget-container\">\n\t\t\t\t\t\t\t\t\t\t\t\t\t\t\t<img decoding=\"async\" width=\"668\" height=\"450\" src=\"https:\/\/www.hs-kabeltechnik.at\/wp-content\/uploads\/2025\/11\/3d.jpg\" class=\"attachment-large size-large wp-image-14638\" alt=\"Assemblage de c\u00e2bles par impression 3D\" srcset=\"https:\/\/www.hs-kabeltechnik.at\/wp-content\/uploads\/2025\/11\/3d.jpg 668w, https:\/\/www.hs-kabeltechnik.at\/wp-content\/uploads\/2025\/11\/3d-300x202.jpg 300w\" sizes=\"(max-width: 668px) 100vw, 668px\" \/>\t\t\t\t\t\t\t\t\t\t\t\t\t\t\t<\/div>\n\t\t\t\t<\/div>\n\t\t\t\t\t<\/div>\n\t\t<\/div>\n\t\t\t\t\t<\/div>\n\t\t<\/section>\n\t\t\t\t<section class=\"elementor-section elementor-top-section elementor-element elementor-element-8e463f6 elementor-section-boxed elementor-section-height-default elementor-section-height-default\" data-id=\"8e463f6\" data-element_type=\"section\">\n\t\t\t\t\t\t<div class=\"elementor-container elementor-column-gap-default\">\n\t\t\t\t\t<div class=\"elementor-column elementor-col-100 elementor-top-column elementor-element elementor-element-b82e372\" data-id=\"b82e372\" data-element_type=\"column\">\n\t\t\t<div class=\"elementor-widget-wrap elementor-element-populated\">\n\t\t\t\t\t\t<div class=\"elementor-element elementor-element-eac973b elementor-widget elementor-widget-heading\" data-id=\"eac973b\" data-element_type=\"widget\" data-widget_type=\"heading.default\">\n\t\t\t\t<div class=\"elementor-widget-container\">\n\t\t\t\t\t<h2 class=\"elementor-heading-title elementor-size-default\">Nos produits<\/h2>\t\t\t\t<\/div>\n\t\t\t\t<\/div>\n\t\t\t\t\t<\/div>\n\t\t<\/div>\n\t\t\t\t\t<\/div>\n\t\t<\/section>\n\t\t\t\t<section class=\"elementor-section elementor-top-section elementor-element elementor-element-3434eb3 elementor-section-boxed elementor-section-height-default elementor-section-height-default\" data-id=\"3434eb3\" data-element_type=\"section\">\n\t\t\t\t\t\t<div class=\"elementor-container elementor-column-gap-default\">\n\t\t\t\t\t<div class=\"elementor-column elementor-col-100 elementor-top-column elementor-element elementor-element-7f4a68a\" data-id=\"7f4a68a\" data-element_type=\"column\">\n\t\t\t<div class=\"elementor-widget-wrap elementor-element-populated\">\n\t\t\t\t\t\t<div class=\"elementor-element elementor-element-ea8ef14 elementor--h-position-center elementor--v-position-middle elementor-arrows-position-inside elementor-pagination-position-inside elementor-widget elementor-widget-slides\" data-id=\"ea8ef14\" data-element_type=\"widget\" data-settings=\"{&quot;autoplay_speed&quot;:9500,&quot;transition_speed&quot;:1500,&quot;navigation&quot;:&quot;both&quot;,&quot;autoplay&quot;:&quot;yes&quot;,&quot;pause_on_hover&quot;:&quot;yes&quot;,&quot;pause_on_interaction&quot;:&quot;yes&quot;,&quot;infinite&quot;:&quot;yes&quot;,&quot;transition&quot;:&quot;slide&quot;}\" data-widget_type=\"slides.default\">\n\t\t\t\t<div class=\"elementor-widget-container\">\n\t\t\t\t\t\t\t\t\t<div class=\"elementor-swiper\">\n\t\t\t\t\t<div class=\"elementor-slides-wrapper elementor-main-swiper swiper\" role=\"region\" aria-roledescription=\"carousel\" aria-label=\"Slider\" dir=\"ltr\" data-animation=\"fadeInUp\">\n\t\t\t\t<div class=\"swiper-wrapper elementor-slides\">\n\t\t\t\t\t\t\t\t\t\t<div class=\"elementor-repeater-item-4f67494 swiper-slide\" role=\"group\" aria-roledescription=\"slide\"><div class=\"swiper-slide-bg elementor-ken-burns elementor-ken-burns--in\" role=\"img\" aria-label=\"Confection de c\u00e2bles H&amp;S Kabeltechnik\"><\/div><div class=\"elementor-background-overlay\"><\/div><a class=\"swiper-slide-inner\" href=\"https:\/\/www.hs-kabeltechnik.at\/fr\/produkte\/confection-de-cables\/\"><div class=\"swiper-slide-contents\"><div class=\"elementor-slide-heading\">Confection de c\u00e2bles<\/div><div class=\"elementor-slide-description\"><p>Fabriqu\u00e9 sur mesure et selon vos exigences<\/p>\n<\/div><div  class=\"elementor-button elementor-slide-button elementor-size-sm\">En savoir plus<\/div><\/div><\/a><\/div><div class=\"elementor-repeater-item-e03215d swiper-slide\" role=\"group\" aria-roledescription=\"slide\"><div class=\"swiper-slide-bg elementor-ken-burns elementor-ken-burns--in\" role=\"img\" aria-label=\"faisceaux de c\u00e2bles H&amp;S Kabeltechnik\"><\/div><div class=\"elementor-background-overlay\"><\/div><a class=\"swiper-slide-inner\" href=\"https:\/\/www.hs-kabeltechnik.at\/fr\/produkte\/faisceaux-de-cablage\/\"><div class=\"swiper-slide-contents\"><div class=\"elementor-slide-heading\">Faisceaux de c\u00e2blage<\/div><div class=\"elementor-slide-description\"><p>La confection complexe de c\u00e2bles selon les crit\u00e8res de qualit\u00e9 les plus \u00e9lev\u00e9s<\/p>\n<\/div><div  class=\"elementor-button elementor-slide-button elementor-size-sm\">En savoir plus<\/div><\/div><\/a><\/div><div class=\"elementor-repeater-item-ca5a4fd swiper-slide\" role=\"group\" aria-roledescription=\"slide\"><div class=\"swiper-slide-bg elementor-ken-burns elementor-ken-burns--in\" role=\"img\" aria-label=\"C\u00e2ble d&#039;affichage LVDS H&amp;S Kabeltechnik\"><\/div><div class=\"elementor-background-overlay\"><\/div><a class=\"swiper-slide-inner\" href=\"https:\/\/www.hs-kabeltechnik.at\/fr\/produkte\/cable-lvds\/\"><div class=\"swiper-slide-contents\"><div class=\"elementor-slide-heading\">C\u00e2ble LVDS<\/div><div class=\"elementor-slide-description\"><p>Production possible dans une multitude de variantes et de mod\u00e8les<\/p>\n<\/div><div  class=\"elementor-button elementor-slide-button elementor-size-sm\">En savoir plus<\/div><\/div><\/a><\/div><div class=\"elementor-repeater-item-16ce09c swiper-slide\" role=\"group\" aria-roledescription=\"slide\"><div class=\"swiper-slide-bg elementor-ken-burns elementor-ken-burns--in\" role=\"img\" aria-label=\"Confection de c\u00e2bles personnalis\u00e9s H&amp;S Kabeltechnik\"><\/div><div class=\"elementor-background-overlay\"><\/div><a class=\"swiper-slide-inner\" href=\"https:\/\/www.hs-kabeltechnik.at\/fr\/produkte\/\"><div class=\"swiper-slide-contents\"><div class=\"elementor-slide-heading\">Aper\u00e7u des produits<\/div><div class=\"elementor-slide-description\"><p>D\u00e9couvrez notre large gamme de produits et possibilit\u00e9s<\/p>\n<\/div><div  class=\"elementor-button elementor-slide-button elementor-size-sm\">En savoir plus<\/div><\/div><\/a><\/div>\t\t\t\t<\/div>\n\t\t\t\t\t\t\t\t\t\t\t\t\t\t\t<div class=\"elementor-swiper-button elementor-swiper-button-prev\" role=\"button\" tabindex=\"0\" aria-label=\"Diapositive pr\u00e9c\u00e9dente\">\n\t\t\t\t\t\t\t<i aria-hidden=\"true\" class=\"eicon-chevron-left\"><\/i>\t\t\t\t\t\t<\/div>\n\t\t\t\t\t\t<div class=\"elementor-swiper-button elementor-swiper-button-next\" role=\"button\" tabindex=\"0\" aria-label=\"Diapositive suivante\">\n\t\t\t\t\t\t\t<i aria-hidden=\"true\" class=\"eicon-chevron-right\"><\/i>\t\t\t\t\t\t<\/div>\n\t\t\t\t\t\t\t\t\t\t\t\t\t\t\t\t<div class=\"swiper-pagination\"><\/div>\n\t\t\t\t\t\t\t\t\t\t\t\t<\/div>\n\t\t\t\t<\/div>\n\t\t\t\t\t\t\t\t<\/div>\n\t\t\t\t<\/div>\n\t\t\t\t\t<\/div>\n\t\t<\/div>\n\t\t\t\t\t<\/div>\n\t\t<\/section>\n\t\t\t\t<\/div>\n\t\t","protected":false},"excerpt":{"rendered":"<p>Technologie Proc\u00e9d\u00e9s innovants Nous cherchons constamment \u00e0 nous d\u00e9passer. Nous misons sur l&rsquo;innovation, les technologies de pointe et le d\u00e9veloppement continu afin d&rsquo;offrir \u00e0 nos clients les meilleures solutions, conform\u00e9ment \u00e0 notre devise : &lsquo;Le dernier d\u00e9tail exigeant fait la diff\u00e9rence. 99\u202f% ne suffit pas\u202f: il en faut 100\u202f%.&rsquo; Proc\u00e9d\u00e9 Hotmelt La technologie Hotmelt est [&hellip;]<\/p>\n","protected":false},"author":5,"featured_media":0,"parent":0,"menu_order":0,"comment_status":"closed","ping_status":"closed","template":"","meta":{"_acf_changed":false,"_genesis_hide_title":false,"_genesis_hide_breadcrumbs":false,"_genesis_hide_singular_image":false,"_genesis_hide_footer_widgets":false,"_genesis_custom_body_class":"","_genesis_custom_post_class":"","_genesis_layout":"","footnotes":""},"class_list":{"0":"post-14929","1":"page","2":"type-page","3":"status-publish","5":"entry"},"acf":[],"_links":{"self":[{"href":"https:\/\/www.hs-kabeltechnik.at\/fr\/wp-json\/wp\/v2\/pages\/14929","targetHints":{"allow":["GET"]}}],"collection":[{"href":"https:\/\/www.hs-kabeltechnik.at\/fr\/wp-json\/wp\/v2\/pages"}],"about":[{"href":"https:\/\/www.hs-kabeltechnik.at\/fr\/wp-json\/wp\/v2\/types\/page"}],"author":[{"embeddable":true,"href":"https:\/\/www.hs-kabeltechnik.at\/fr\/wp-json\/wp\/v2\/users\/5"}],"replies":[{"embeddable":true,"href":"https:\/\/www.hs-kabeltechnik.at\/fr\/wp-json\/wp\/v2\/comments?post=14929"}],"version-history":[{"count":5,"href":"https:\/\/www.hs-kabeltechnik.at\/fr\/wp-json\/wp\/v2\/pages\/14929\/revisions"}],"predecessor-version":[{"id":15042,"href":"https:\/\/www.hs-kabeltechnik.at\/fr\/wp-json\/wp\/v2\/pages\/14929\/revisions\/15042"}],"wp:attachment":[{"href":"https:\/\/www.hs-kabeltechnik.at\/fr\/wp-json\/wp\/v2\/media?parent=14929"}],"curies":[{"name":"wp","href":"https:\/\/api.w.org\/{rel}","templated":true}]}}