{"id":13842,"date":"2025-08-26T06:13:18","date_gmt":"2025-08-26T06:13:18","guid":{"rendered":"https:\/\/www.hs-kabeltechnik.at\/accessibilite\/"},"modified":"2025-08-26T07:21:48","modified_gmt":"2025-08-26T07:21:48","slug":"accessibilite","status":"publish","type":"page","link":"https:\/\/www.hs-kabeltechnik.at\/fr\/accessibilite\/","title":{"rendered":"Accessibilit\u00e9"},"content":{"rendered":"\t\t<div data-elementor-type=\"wp-page\" data-elementor-id=\"13842\" class=\"elementor elementor-13842 elementor-13834\" data-elementor-post-type=\"page\">\n\t\t\t\t\t\t<section class=\"elementor-section elementor-top-section elementor-element elementor-element-273ab65 elementor-section-boxed elementor-section-height-default elementor-section-height-default\" data-id=\"273ab65\" data-element_type=\"section\">\n\t\t\t\t\t\t<div class=\"elementor-container elementor-column-gap-default\">\n\t\t\t\t\t<div class=\"elementor-column elementor-col-100 elementor-top-column elementor-element elementor-element-a9c1e00\" data-id=\"a9c1e00\" data-element_type=\"column\">\n\t\t\t<div class=\"elementor-widget-wrap elementor-element-populated\">\n\t\t\t\t\t\t<div class=\"elementor-element elementor-element-76869aa elementor-widget elementor-widget-heading\" data-id=\"76869aa\" data-element_type=\"widget\" data-widget_type=\"heading.default\">\n\t\t\t\t<div class=\"elementor-widget-container\">\n\t\t\t\t\t<h1 class=\"elementor-heading-title elementor-size-default\">Accessibilit\u00e9<\/h1>\t\t\t\t<\/div>\n\t\t\t\t<\/div>\n\t\t\t\t\t<\/div>\n\t\t<\/div>\n\t\t\t\t\t<\/div>\n\t\t<\/section>\n\t\t\t\t<section class=\"elementor-section elementor-top-section elementor-element elementor-element-beb52bb elementor-section-boxed elementor-section-height-default elementor-section-height-default\" data-id=\"beb52bb\" data-element_type=\"section\">\n\t\t\t\t\t\t<div class=\"elementor-container elementor-column-gap-default\">\n\t\t\t\t\t<div class=\"elementor-column elementor-col-100 elementor-top-column elementor-element elementor-element-29213fc\" data-id=\"29213fc\" data-element_type=\"column\">\n\t\t\t<div class=\"elementor-widget-wrap elementor-element-populated\">\n\t\t\t\t\t\t<div class=\"elementor-element elementor-element-2151caf elementor-widget elementor-widget-text-editor\" data-id=\"2151caf\" data-element_type=\"widget\" data-widget_type=\"text-editor.default\">\n\t\t\t\t<div class=\"elementor-widget-container\">\n\t\t\t\t\t\t\t\t\t<div class=\"elementor-element elementor-element-c7b9a9d elementor-widget elementor-widget-shortcode\" data-id=\"c7b9a9d\" data-element_type=\"widget\" data-widget_type=\"shortcode.default\">\n<div class=\"elementor-widget-container\">\n<div class=\"elementor-shortcode\">\n<p><strong>D\u00e9claration relative \u00e0 l&rsquo;accessibilit\u00e9<\/strong><\/p>\n<p>La soci\u00e9t\u00e9 H&amp;S Kabeltechnik GmbH s&rsquo;efforce de rendre son site Web <a href=\"http:\/\/www.hs-kabeltechnik.at\">www.hs-kabeltechnik.at<\/a> accessible conform\u00e9ment \u00e0 la loi allemande sur l&rsquo;accessibilit\u00e9 du Web (WZG).<\/p>\n<p><strong>\u00c9tat de conformit\u00e9 aux exigences<\/strong><br \/>\nCe site web est partiellement conforme aux directives d&rsquo;accessibilit\u00e9 des contenus web (WCAG) 2.1 au niveau de conformit\u00e9 AA en raison des incompatibilit\u00e9s et exceptions mentionn\u00e9es ci-dessous.<\/p>\n<p><strong>Contenus non accessibles<\/strong><br \/>\nMalgr\u00e9 tous les efforts d\u00e9ploy\u00e9s pour rendre le site web accessible, des restrictions peuvent encore exister dans les domaines suivants :<\/p>\n<ul>\n<li>Les documents PDF ne sont pas encore enti\u00e8rement optimis\u00e9s pour les lecteurs d&rsquo;\u00e9cran.<\/li>\n<li>Les \u00e9l\u00e9ments interactifs, tels que les formulaires ou les captchas, ne peuvent pas toujours \u00eatre utilis\u00e9s avec le clavier.<\/li>\n<li>Les contrastes de couleurs et les options d&rsquo;affichage individuelles (par exemple, le r\u00e9glage de la taille des caract\u00e8res) ne sont pas encore partout conformes aux normes recommand\u00e9es.<\/li>\n<li>La structure s\u00e9mantique des diff\u00e9rentes pages (par exemple, l&rsquo;ordre des titres ou les rep\u00e8res) est progressivement am\u00e9lior\u00e9e.<\/li>\n<\/ul>\n<p>Nous travaillons en permanence \u00e0 l&rsquo;am\u00e9lioration de ces domaines et \u00e0 la suppression des barri\u00e8res..<\/p>\n<p><strong>Cr\u00e9ation de cette d\u00e9claration<\/strong><br \/>\nCette d\u00e9claration a \u00e9t\u00e9 cr\u00e9\u00e9e le 26\/08\/2025.<br \/>\nL&rsquo;\u00e9valuation du site web a \u00e9t\u00e9 r\u00e9alis\u00e9e par le biais d&rsquo;une auto-\u00e9valuation.<\/p>\n<p><strong>Point de contact :<\/strong><br \/>\nH&amp;S Kabeltechnik GmbH<br \/>\nJagern 62<br \/>\n4761 Enzenkirchen<br \/>\noffice@hs-kabeltechnik.at<br \/>\n+43 (0) 77 62 \/ 43 705-0<\/p>\n<p><strong>Proc\u00e9dure d&rsquo;application<\/strong><br \/>\nSi vous n&rsquo;obtenez pas de r\u00e9ponse satisfaisante \u00e0 votre signalement ou \u00e0 votre demande concernant l&rsquo;accessibilit\u00e9, vous pouvez vous adresser au service des r\u00e9clamations :<\/p>\n<p>\u00d6sterreichische Forschungsf\u00f6rderungsgesellschaft mbH (FFG)<br \/>\nKompetenzstelle f\u00fcr barrierefreie IT<br \/>\nSensengasse 1, 1090 Wien<br \/>\nWeb: <a href=\"https:\/\/www.ffg.at\/barrierefreiheit\" rel=\"noopener\">https:\/\/www.ffg.at\/barrierefreiheit<\/a><br \/>\nE-Mail: <a href=\"mailto:barrierefreiheit@ffg.at\">barrierefreiheit@ffg.at<\/a><\/p>\n<\/div>\n<p><\/div>\n<p><\/div>\n<p><\/p>\n<div class=\"elementor-element elementor-element-518a02e elementor-widget elementor-widget-text-editor\" data-id=\"518a02e\" data-element_type=\"widget\" data-widget_type=\"text-editor.default\">\n<div class=\"elementor-widget-container\"><\/div>\n<p><\/div>\n\t\t\t\t\t\t\t\t<\/div>\n\t\t\t\t<\/div>\n\t\t\t\t\t<\/div>\n\t\t<\/div>\n\t\t\t\t\t<\/div>\n\t\t<\/section>\n\t\t\t\t<\/div>\n\t\t","protected":false},"excerpt":{"rendered":"<p>Accessibilit\u00e9 D\u00e9claration relative \u00e0 l&rsquo;accessibilit\u00e9 La soci\u00e9t\u00e9 H&amp;S Kabeltechnik GmbH s&rsquo;efforce de rendre son site Web www.hs-kabeltechnik.at accessible conform\u00e9ment \u00e0 la loi allemande sur l&rsquo;accessibilit\u00e9 du Web (WZG). \u00c9tat de conformit\u00e9 aux exigences Ce site web est partiellement conforme aux directives d&rsquo;accessibilit\u00e9 des contenus web (WCAG) 2.1 au niveau de conformit\u00e9 AA en raison des [&hellip;]<\/p>\n","protected":false},"author":5,"featured_media":0,"parent":0,"menu_order":0,"comment_status":"closed","ping_status":"closed","template":"","meta":{"_acf_changed":false,"_genesis_hide_title":false,"_genesis_hide_breadcrumbs":false,"_genesis_hide_singular_image":false,"_genesis_hide_footer_widgets":false,"_genesis_custom_body_class":"","_genesis_custom_post_class":"","_genesis_layout":"","footnotes":""},"class_list":{"0":"post-13842","1":"page","2":"type-page","3":"status-publish","5":"entry"},"acf":[],"_links":{"self":[{"href":"https:\/\/www.hs-kabeltechnik.at\/fr\/wp-json\/wp\/v2\/pages\/13842","targetHints":{"allow":["GET"]}}],"collection":[{"href":"https:\/\/www.hs-kabeltechnik.at\/fr\/wp-json\/wp\/v2\/pages"}],"about":[{"href":"https:\/\/www.hs-kabeltechnik.at\/fr\/wp-json\/wp\/v2\/types\/page"}],"author":[{"embeddable":true,"href":"https:\/\/www.hs-kabeltechnik.at\/fr\/wp-json\/wp\/v2\/users\/5"}],"replies":[{"embeddable":true,"href":"https:\/\/www.hs-kabeltechnik.at\/fr\/wp-json\/wp\/v2\/comments?post=13842"}],"version-history":[{"count":4,"href":"https:\/\/www.hs-kabeltechnik.at\/fr\/wp-json\/wp\/v2\/pages\/13842\/revisions"}],"predecessor-version":[{"id":13860,"href":"https:\/\/www.hs-kabeltechnik.at\/fr\/wp-json\/wp\/v2\/pages\/13842\/revisions\/13860"}],"wp:attachment":[{"href":"https:\/\/www.hs-kabeltechnik.at\/fr\/wp-json\/wp\/v2\/media?parent=13842"}],"curies":[{"name":"wp","href":"https:\/\/api.w.org\/{rel}","templated":true}]}}