{"id":13754,"date":"2025-08-25T08:21:45","date_gmt":"2025-08-25T08:21:45","guid":{"rendered":"https:\/\/www.hs-kabeltechnik.at\/a-propos-de-nous__trashed\/cest-nous\/"},"modified":"2025-09-30T09:40:46","modified_gmt":"2025-09-30T09:40:46","slug":"cest-nous","status":"publish","type":"page","link":"https:\/\/www.hs-kabeltechnik.at\/fr\/cest-nous\/","title":{"rendered":"C\u2019est nous"},"content":{"rendered":"\t\t<div data-elementor-type=\"wp-page\" data-elementor-id=\"13754\" class=\"elementor elementor-13754 elementor-13746\" data-elementor-post-type=\"page\">\n\t\t\t\t\t\t<section class=\"elementor-section elementor-top-section elementor-element elementor-element-62645ea elementor-section-boxed elementor-section-height-default elementor-section-height-default\" data-id=\"62645ea\" data-element_type=\"section\">\n\t\t\t\t\t\t<div class=\"elementor-container elementor-column-gap-default\">\n\t\t\t\t\t<div class=\"elementor-column elementor-col-100 elementor-top-column elementor-element elementor-element-94236d3\" data-id=\"94236d3\" data-element_type=\"column\">\n\t\t\t<div class=\"elementor-widget-wrap elementor-element-populated\">\n\t\t\t\t\t\t<div class=\"elementor-element elementor-element-62a87da elementor-widget elementor-widget-heading\" data-id=\"62a87da\" data-element_type=\"widget\" data-widget_type=\"heading.default\">\n\t\t\t\t<div class=\"elementor-widget-container\">\n\t\t\t\t\t<h1 class=\"elementor-heading-title elementor-size-default\">C\u2019est nous H&amp;S<\/h1>\t\t\t\t<\/div>\n\t\t\t\t<\/div>\n\t\t\t\t\t<\/div>\n\t\t<\/div>\n\t\t\t\t\t<\/div>\n\t\t<\/section>\n\t\t\t\t<section class=\"elementor-section elementor-top-section elementor-element elementor-element-7bbe701 elementor-section-content-middle elementor-section-boxed elementor-section-height-default elementor-section-height-default\" data-id=\"7bbe701\" data-element_type=\"section\">\n\t\t\t\t\t\t<div class=\"elementor-container elementor-column-gap-default\">\n\t\t\t\t\t<div class=\"elementor-column elementor-col-50 elementor-top-column elementor-element elementor-element-b964cea\" data-id=\"b964cea\" data-element_type=\"column\">\n\t\t\t<div class=\"elementor-widget-wrap elementor-element-populated\">\n\t\t\t\t\t\t<div class=\"elementor-element elementor-element-47ee2b2 elementor-widget elementor-widget-text-editor\" data-id=\"47ee2b2\" data-element_type=\"widget\" data-widget_type=\"text-editor.default\">\n\t\t\t\t<div class=\"elementor-widget-container\">\n\t\t\t\t\t\t\t\t\t<p>Chaque jour, plusieurs milliers de <a href=\"https:\/\/www.hs-kabeltechnik.at\/fr\/produkte\/\">produits<\/a> quittent la cha\u00eene de production et sont exp\u00e9di\u00e9s dans le monde entier.<\/p>\n<p>Aujourd\u2019hui, 27 employ\u00e9s travaillent au si\u00e8ge social en Autriche et environ 300 employ\u00e9s dans la\u00a0<a href=\"https:\/\/www.pemac.hu\/\" rel=\"noopener\">production<\/a> en Hongrie. Nous restons fid\u00e8les \u00e0 notre devise\u00a0:<\/p>\n<blockquote><p>\u00ab\u00a0Ne jamais cesser de commencer, ne jamais commencer \u00e0 s\u2019arr\u00eater!\u00a0\u00bb<\/p><\/blockquote>\n<p><strong>Que se cache-t-il derri\u00e8re ces lettres?<\/strong><\/p>\n<h2><strong>H&amp;S<\/strong><\/h2>\n<p>Sous le titre \u00ab\u00a0C\u2019est H &amp; S \u2013 C\u2019est nous\u00a0\u00bb nous aimerions vous faire d\u00e9couvrir les coulisses des deux directeurs Christian <span style=\"color: #ff6920;\">H<\/span>ochegger <span style=\"color: #ff6920;\">&amp;<\/span> Markus <span style=\"color: #ff6920;\">S<\/span>chroll .<\/p>\n<p><span class=\"Y2IQFc\" lang=\"en\">Mais nous souhaitons \u00e9galement vous pr\u00e9senter notre \u00e9quipe. Tout le monde sait:<br \/>\n\u00ab\u00a0<em>Une entreprise ne vaut que ce que valent ses employ\u00e9s<\/em>\u00a0\u00bb \u2013 et notre succ\u00e8s repose donc sur la contribution positive de chaque personne qui s\u2019identifie \u00e0 l\u2019entreprise et \u00e0 ses objectifs.<\/span><\/p>\n\t\t\t\t\t\t\t\t<\/div>\n\t\t\t\t<\/div>\n\t\t\t\t\t<\/div>\n\t\t<\/div>\n\t\t\t\t<div class=\"elementor-column elementor-col-50 elementor-top-column elementor-element elementor-element-bcb31e0\" data-id=\"bcb31e0\" data-element_type=\"column\">\n\t\t\t<div class=\"elementor-widget-wrap elementor-element-populated\">\n\t\t\t\t\t\t<div class=\"elementor-element elementor-element-a1687e3 elementor-widget elementor-widget-image\" data-id=\"a1687e3\" data-element_type=\"widget\" data-widget_type=\"image.default\">\n\t\t\t\t<div class=\"elementor-widget-container\">\n\t\t\t\t\t\t\t\t\t\t\t\t\t\t\t<img fetchpriority=\"high\" decoding=\"async\" width=\"833\" height=\"330\" src=\"https:\/\/www.hs-kabeltechnik.at\/wp-content\/uploads\/2022\/10\/h-s-kabeltechnik-logo.jpg\" class=\"attachment-large size-large wp-image-874\" alt=\"H&amp;S Kabeltechnik\" srcset=\"https:\/\/www.hs-kabeltechnik.at\/wp-content\/uploads\/2022\/10\/h-s-kabeltechnik-logo.jpg 833w, https:\/\/www.hs-kabeltechnik.at\/wp-content\/uploads\/2022\/10\/h-s-kabeltechnik-logo-300x119.jpg 300w, https:\/\/www.hs-kabeltechnik.at\/wp-content\/uploads\/2022\/10\/h-s-kabeltechnik-logo-768x304.jpg 768w\" sizes=\"(max-width: 833px) 100vw, 833px\" \/>\t\t\t\t\t\t\t\t\t\t\t\t\t\t\t<\/div>\n\t\t\t\t<\/div>\n\t\t\t\t\t<\/div>\n\t\t<\/div>\n\t\t\t\t\t<\/div>\n\t\t<\/section>\n\t\t\t\t<section class=\"elementor-section elementor-top-section elementor-element elementor-element-6463e53 elementor-section-boxed elementor-section-height-default elementor-section-height-default\" data-id=\"6463e53\" data-element_type=\"section\">\n\t\t\t\t\t\t<div class=\"elementor-container elementor-column-gap-default\">\n\t\t\t\t\t<div class=\"elementor-column elementor-col-100 elementor-top-column elementor-element elementor-element-5150790\" data-id=\"5150790\" data-element_type=\"column\">\n\t\t\t<div class=\"elementor-widget-wrap elementor-element-populated\">\n\t\t\t\t\t\t<div class=\"elementor-element elementor-element-39c684c elementor-widget elementor-widget-heading\" data-id=\"39c684c\" data-element_type=\"widget\" data-widget_type=\"heading.default\">\n\t\t\t\t<div class=\"elementor-widget-container\">\n\t\t\t\t\t<h3 class=\"elementor-heading-title elementor-size-large\">C'est H&amp;S - C'est nous<\/h3>\t\t\t\t<\/div>\n\t\t\t\t<\/div>\n\t\t\t\t\t<\/div>\n\t\t<\/div>\n\t\t\t\t\t<\/div>\n\t\t<\/section>\n\t\t\t\t<\/div>\n\t\t","protected":false},"excerpt":{"rendered":"<p>C\u2019est nous H&amp;S Chaque jour, plusieurs milliers de produits quittent la cha\u00eene de production et sont exp\u00e9di\u00e9s dans le monde entier. Aujourd\u2019hui, 27 employ\u00e9s travaillent au si\u00e8ge social en Autriche et environ 300 employ\u00e9s dans la\u00a0production en Hongrie. Nous restons fid\u00e8les \u00e0 notre devise\u00a0: \u00ab\u00a0Ne jamais cesser de commencer, ne jamais commencer \u00e0 s\u2019arr\u00eater!\u00a0\u00bb Que [&hellip;]<\/p>\n","protected":false},"author":5,"featured_media":0,"parent":0,"menu_order":0,"comment_status":"closed","ping_status":"closed","template":"tpl-team.php","meta":{"_acf_changed":false,"_genesis_hide_title":false,"_genesis_hide_breadcrumbs":false,"_genesis_hide_singular_image":false,"_genesis_hide_footer_widgets":false,"_genesis_custom_body_class":"","_genesis_custom_post_class":"","_genesis_layout":"","footnotes":""},"class_list":{"0":"post-13754","1":"page","2":"type-page","3":"status-publish","5":"entry"},"acf":[],"_links":{"self":[{"href":"https:\/\/www.hs-kabeltechnik.at\/fr\/wp-json\/wp\/v2\/pages\/13754","targetHints":{"allow":["GET"]}}],"collection":[{"href":"https:\/\/www.hs-kabeltechnik.at\/fr\/wp-json\/wp\/v2\/pages"}],"about":[{"href":"https:\/\/www.hs-kabeltechnik.at\/fr\/wp-json\/wp\/v2\/types\/page"}],"author":[{"embeddable":true,"href":"https:\/\/www.hs-kabeltechnik.at\/fr\/wp-json\/wp\/v2\/users\/5"}],"replies":[{"embeddable":true,"href":"https:\/\/www.hs-kabeltechnik.at\/fr\/wp-json\/wp\/v2\/comments?post=13754"}],"version-history":[{"count":9,"href":"https:\/\/www.hs-kabeltechnik.at\/fr\/wp-json\/wp\/v2\/pages\/13754\/revisions"}],"predecessor-version":[{"id":14006,"href":"https:\/\/www.hs-kabeltechnik.at\/fr\/wp-json\/wp\/v2\/pages\/13754\/revisions\/14006"}],"wp:attachment":[{"href":"https:\/\/www.hs-kabeltechnik.at\/fr\/wp-json\/wp\/v2\/media?parent=13754"}],"curies":[{"name":"wp","href":"https:\/\/api.w.org\/{rel}","templated":true}]}}